{"id":25659,"date":"2022-07-05T15:41:57","date_gmt":"2022-07-05T15:41:57","guid":{"rendered":"https:\/\/thacoindustries.com\/truyen-thong\/"},"modified":"2025-07-24T16:23:12","modified_gmt":"2025-07-24T09:23:12","slug":"news-events","status":"publish","type":"page","link":"https:\/\/thacoindustries.com\/ko\/news-events\/","title":{"rendered":"\ud64d\ubcf4"},"content":{"rendered":"","protected":false},"excerpt":{"rendered":"","protected":false},"author":1,"featured_media":0,"parent":0,"menu_order":101,"comment_status":"closed","ping_status":"closed","template":"templates\/news.php","meta":{"om_disable_all_campaigns":false,"_monsterinsights_skip_tracking":false,"_monsterinsights_sitenote_active":false,"_monsterinsights_sitenote_note":"","_monsterinsights_sitenote_category":0,"footnotes":""},"class_list":["post-25659","page","type-page","status-publish"],"acf":[],"yoast_head":"<!-- This site is optimized with the Yoast SEO plugin v25.4 - https:\/\/yoast.com\/wordpress\/plugins\/seo\/ -->\n<title>\ud64d\ubcf4 - THACO INDUSTRIES<\/title>\n<meta name=\"description\" content=\"THACO INDUSTRIES cung c\u1ea5p nh\u1eefng tin t\u1ee9c m\u1edbi nh\u1ea5t v\u00e0 \u0111a d\u1ea1ng nh\u1ea5t v\u1ec1 c\u00e1c ho\u1ea1t \u0111\u1ed9ng trong t\u1eebng l\u0129nh v\u1ef1c \u0111\u1ec3 qu\u00fd kh\u00e1ch h\u00e0ng c\u00f3 th\u1ec3 n\u1eafm r\u00f5...\" \/>\n<meta name=\"robots\" content=\"index, follow, max-snippet:-1, max-image-preview:large, max-video-preview:-1\" \/>\n<link rel=\"canonical\" href=\"https:\/\/thacoindustries.com\/ko\/news-events\/\" \/>\n<meta property=\"og:locale\" content=\"en_US\" \/>\n<meta property=\"og:type\" content=\"article\" \/>\n<meta property=\"og:title\" content=\"\ud64d\ubcf4 - THACO INDUSTRIES\" \/>\n<meta property=\"og:description\" content=\"THACO INDUSTRIES cung c\u1ea5p nh\u1eefng tin t\u1ee9c m\u1edbi nh\u1ea5t v\u00e0 \u0111a d\u1ea1ng nh\u1ea5t v\u1ec1 c\u00e1c ho\u1ea1t \u0111\u1ed9ng trong t\u1eebng l\u0129nh v\u1ef1c \u0111\u1ec3 qu\u00fd kh\u00e1ch h\u00e0ng c\u00f3 th\u1ec3 n\u1eafm r\u00f5...\" \/>\n<meta property=\"og:url\" content=\"https:\/\/thacoindustries.com\/ko\/news-events\/\" \/>\n<meta property=\"og:site_name\" content=\"THACO INDUSTRIES\" \/>\n<meta property=\"article:modified_time\" content=\"2025-07-24T09:23:12+00:00\" \/>\n<meta name=\"twitter:card\" content=\"summary_large_image\" \/>\n<script type=\"application\/ld+json\" class=\"yoast-schema-graph\">{\"@context\":\"https:\/\/schema.org\",\"@graph\":[{\"@type\":\"WebPage\",\"@id\":\"https:\/\/thacoindustries.com\/ko\/news-events\/\",\"url\":\"https:\/\/thacoindustries.com\/ko\/news-events\/\",\"name\":\"\ud64d\ubcf4 - THACO INDUSTRIES\",\"isPartOf\":{\"@id\":\"https:\/\/thacoindustries.com\/#website\"},\"datePublished\":\"2022-07-05T15:41:57+00:00\",\"dateModified\":\"2025-07-24T09:23:12+00:00\",\"description\":\"THACO INDUSTRIES cung c\u1ea5p nh\u1eefng tin t\u1ee9c m\u1edbi nh\u1ea5t v\u00e0 \u0111a d\u1ea1ng nh\u1ea5t v\u1ec1 c\u00e1c ho\u1ea1t \u0111\u1ed9ng trong t\u1eebng l\u0129nh v\u1ef1c \u0111\u1ec3 qu\u00fd kh\u00e1ch h\u00e0ng c\u00f3 th\u1ec3 n\u1eafm r\u00f5...\",\"breadcrumb\":{\"@id\":\"https:\/\/thacoindustries.com\/ko\/news-events\/#breadcrumb\"},\"inLanguage\":\"ko\",\"potentialAction\":[{\"@type\":\"ReadAction\",\"target\":[\"https:\/\/thacoindustries.com\/ko\/news-events\/\"]}]},{\"@type\":\"BreadcrumbList\",\"@id\":\"https:\/\/thacoindustries.com\/ko\/news-events\/#breadcrumb\",\"itemListElement\":[{\"@type\":\"ListItem\",\"position\":1,\"name\":\"Home\",\"item\":\"https:\/\/thacoindustries.com\/ko\/\"},{\"@type\":\"ListItem\",\"position\":2,\"name\":\"\ud64d\ubcf4\"}]},{\"@type\":\"WebSite\",\"@id\":\"https:\/\/thacoindustries.com\/#website\",\"url\":\"https:\/\/thacoindustries.com\/\",\"name\":\"THACO INDUSTRIES\",\"description\":\"\",\"publisher\":{\"@id\":\"https:\/\/thacoindustries.com\/#organization\"},\"potentialAction\":[{\"@type\":\"SearchAction\",\"target\":{\"@type\":\"EntryPoint\",\"urlTemplate\":\"https:\/\/thacoindustries.com\/?s={search_term_string}\"},\"query-input\":{\"@type\":\"PropertyValueSpecification\",\"valueRequired\":true,\"valueName\":\"search_term_string\"}}],\"inLanguage\":\"ko\"},{\"@type\":\"Organization\",\"@id\":\"https:\/\/thacoindustries.com\/#organization\",\"name\":\"THACO INDUSTRIES\",\"url\":\"https:\/\/thacoindustries.com\/\",\"logo\":{\"@type\":\"ImageObject\",\"inLanguage\":\"ko\",\"@id\":\"https:\/\/thacoindustries.com\/#\/schema\/logo\/image\/\",\"url\":\"https:\/\/thacoindustries.com\/wp-content\/uploads\/2024\/10\/Untitled-11.png\",\"contentUrl\":\"https:\/\/thacoindustries.com\/wp-content\/uploads\/2024\/10\/Untitled-11.png\",\"width\":512,\"height\":512,\"caption\":\"THACO INDUSTRIES\"},\"image\":{\"@id\":\"https:\/\/thacoindustries.com\/#\/schema\/logo\/image\/\"}}]}<\/script>\n<!-- \/ Yoast SEO plugin. -->","yoast_head_json":{"title":"\ud64d\ubcf4 - THACO INDUSTRIES","description":"THACO INDUSTRIES cung c\u1ea5p nh\u1eefng tin t\u1ee9c m\u1edbi nh\u1ea5t v\u00e0 \u0111a d\u1ea1ng nh\u1ea5t v\u1ec1 c\u00e1c ho\u1ea1t \u0111\u1ed9ng trong t\u1eebng l\u0129nh v\u1ef1c \u0111\u1ec3 qu\u00fd kh\u00e1ch h\u00e0ng c\u00f3 th\u1ec3 n\u1eafm r\u00f5...","robots":{"index":"index","follow":"follow","max-snippet":"max-snippet:-1","max-image-preview":"max-image-preview:large","max-video-preview":"max-video-preview:-1"},"canonical":"https:\/\/thacoindustries.com\/ko\/news-events\/","og_locale":"en_US","og_type":"article","og_title":"\ud64d\ubcf4 - THACO INDUSTRIES","og_description":"THACO INDUSTRIES cung c\u1ea5p nh\u1eefng tin t\u1ee9c m\u1edbi nh\u1ea5t v\u00e0 \u0111a d\u1ea1ng nh\u1ea5t v\u1ec1 c\u00e1c ho\u1ea1t \u0111\u1ed9ng trong t\u1eebng l\u0129nh v\u1ef1c \u0111\u1ec3 qu\u00fd kh\u00e1ch h\u00e0ng c\u00f3 th\u1ec3 n\u1eafm r\u00f5...","og_url":"https:\/\/thacoindustries.com\/ko\/news-events\/","og_site_name":"THACO INDUSTRIES","article_modified_time":"2025-07-24T09:23:12+00:00","twitter_card":"summary_large_image","schema":{"@context":"https:\/\/schema.org","@graph":[{"@type":"WebPage","@id":"https:\/\/thacoindustries.com\/ko\/news-events\/","url":"https:\/\/thacoindustries.com\/ko\/news-events\/","name":"\ud64d\ubcf4 - THACO INDUSTRIES","isPartOf":{"@id":"https:\/\/thacoindustries.com\/#website"},"datePublished":"2022-07-05T15:41:57+00:00","dateModified":"2025-07-24T09:23:12+00:00","description":"THACO INDUSTRIES cung c\u1ea5p nh\u1eefng tin t\u1ee9c m\u1edbi nh\u1ea5t v\u00e0 \u0111a d\u1ea1ng nh\u1ea5t v\u1ec1 c\u00e1c ho\u1ea1t \u0111\u1ed9ng trong t\u1eebng l\u0129nh v\u1ef1c \u0111\u1ec3 qu\u00fd kh\u00e1ch h\u00e0ng c\u00f3 th\u1ec3 n\u1eafm r\u00f5...","breadcrumb":{"@id":"https:\/\/thacoindustries.com\/ko\/news-events\/#breadcrumb"},"inLanguage":"ko","potentialAction":[{"@type":"ReadAction","target":["https:\/\/thacoindustries.com\/ko\/news-events\/"]}]},{"@type":"BreadcrumbList","@id":"https:\/\/thacoindustries.com\/ko\/news-events\/#breadcrumb","itemListElement":[{"@type":"ListItem","position":1,"name":"Home","item":"https:\/\/thacoindustries.com\/ko\/"},{"@type":"ListItem","position":2,"name":"\ud64d\ubcf4"}]},{"@type":"WebSite","@id":"https:\/\/thacoindustries.com\/#website","url":"https:\/\/thacoindustries.com\/","name":"THACO INDUSTRIES","description":"","publisher":{"@id":"https:\/\/thacoindustries.com\/#organization"},"potentialAction":[{"@type":"SearchAction","target":{"@type":"EntryPoint","urlTemplate":"https:\/\/thacoindustries.com\/?s={search_term_string}"},"query-input":{"@type":"PropertyValueSpecification","valueRequired":true,"valueName":"search_term_string"}}],"inLanguage":"ko"},{"@type":"Organization","@id":"https:\/\/thacoindustries.com\/#organization","name":"THACO INDUSTRIES","url":"https:\/\/thacoindustries.com\/","logo":{"@type":"ImageObject","inLanguage":"ko","@id":"https:\/\/thacoindustries.com\/#\/schema\/logo\/image\/","url":"https:\/\/thacoindustries.com\/wp-content\/uploads\/2024\/10\/Untitled-11.png","contentUrl":"https:\/\/thacoindustries.com\/wp-content\/uploads\/2024\/10\/Untitled-11.png","width":512,"height":512,"caption":"THACO INDUSTRIES"},"image":{"@id":"https:\/\/thacoindustries.com\/#\/schema\/logo\/image\/"}}]}},"_links":{"self":[{"href":"https:\/\/thacoindustries.com\/ko\/wp-json\/wp\/v2\/pages\/25659","targetHints":{"allow":["GET"]}}],"collection":[{"href":"https:\/\/thacoindustries.com\/ko\/wp-json\/wp\/v2\/pages"}],"about":[{"href":"https:\/\/thacoindustries.com\/ko\/wp-json\/wp\/v2\/types\/page"}],"author":[{"embeddable":true,"href":"https:\/\/thacoindustries.com\/ko\/wp-json\/wp\/v2\/users\/1"}],"replies":[{"embeddable":true,"href":"https:\/\/thacoindustries.com\/ko\/wp-json\/wp\/v2\/comments?post=25659"}],"version-history":[{"count":3,"href":"https:\/\/thacoindustries.com\/ko\/wp-json\/wp\/v2\/pages\/25659\/revisions"}],"predecessor-version":[{"id":26986,"href":"https:\/\/thacoindustries.com\/ko\/wp-json\/wp\/v2\/pages\/25659\/revisions\/26986"}],"wp:attachment":[{"href":"https:\/\/thacoindustries.com\/ko\/wp-json\/wp\/v2\/media?parent=25659"}],"curies":[{"name":"wp","href":"https:\/\/api.w.org\/{rel}","templated":true}]}}