{"id":25647,"date":"2022-07-12T02:39:30","date_gmt":"2022-07-12T02:39:30","guid":{"rendered":"https:\/\/thacoindustries.com\/tai-lieu\/"},"modified":"2025-08-01T07:44:28","modified_gmt":"2025-08-01T00:44:28","slug":"sales-materials","status":"publish","type":"page","link":"https:\/\/thacoindustries.com\/ko\/about-us\/sales-materials\/","title":{"rendered":"\ub9c8\ucf00\ud305 \uc790\ub8cc"},"content":{"rendered":"","protected":false},"excerpt":{"rendered":"","protected":false},"author":1,"featured_media":0,"parent":25655,"menu_order":67,"comment_status":"closed","ping_status":"closed","template":"templates\/document.php","meta":{"om_disable_all_campaigns":false,"_monsterinsights_skip_tracking":false,"_monsterinsights_sitenote_active":false,"_monsterinsights_sitenote_note":"","_monsterinsights_sitenote_category":0,"footnotes":""},"class_list":["post-25647","page","type-page","status-publish"],"acf":[],"yoast_head":"<!-- This site is optimized with the Yoast SEO plugin v25.4 - https:\/\/yoast.com\/wordpress\/plugins\/seo\/ -->\n<title>\ub9c8\ucf00\ud305 \uc790\ub8cc<\/title>\n<meta name=\"description\" content=\"THACO INDUSTRIES cung c\u1ea5p cho qu\u00fd kh\u00e1ch h\u00e0ng \u0111\u1ea7y \u0111\u1ee7 t\u00e0i li\u1ec7u c\u1ee5 th\u1ec3 v\u1ec1 c\u00e1c nh\u00e0 m\u00e1y. M\u1ecdi ng\u01b0\u1eddi c\u00f3 th\u1ec3 truy c\u1eadp \u0111\u1ec3 nghi\u00ean c\u1ee9u t\u1eebng s\u1ea3n ph\u1ea9m...\" \/>\n<meta name=\"robots\" content=\"index, follow, max-snippet:-1, max-image-preview:large, max-video-preview:-1\" \/>\n<link rel=\"canonical\" href=\"https:\/\/thacoindustries.com\/ko\/about-us\/sales-materials\/\" \/>\n<meta property=\"og:locale\" content=\"en_US\" \/>\n<meta property=\"og:type\" content=\"article\" \/>\n<meta property=\"og:title\" content=\"\ub9c8\ucf00\ud305 \uc790\ub8cc\" \/>\n<meta property=\"og:description\" content=\"THACO INDUSTRIES cung c\u1ea5p cho qu\u00fd kh\u00e1ch h\u00e0ng \u0111\u1ea7y \u0111\u1ee7 t\u00e0i li\u1ec7u c\u1ee5 th\u1ec3 v\u1ec1 c\u00e1c nh\u00e0 m\u00e1y. M\u1ecdi ng\u01b0\u1eddi c\u00f3 th\u1ec3 truy c\u1eadp \u0111\u1ec3 nghi\u00ean c\u1ee9u t\u1eebng s\u1ea3n ph\u1ea9m...\" \/>\n<meta property=\"og:url\" content=\"https:\/\/thacoindustries.com\/ko\/about-us\/sales-materials\/\" \/>\n<meta property=\"og:site_name\" content=\"THACO INDUSTRIES\" \/>\n<meta property=\"article:modified_time\" content=\"2025-08-01T00:44:28+00:00\" \/>\n<meta name=\"twitter:card\" content=\"summary_large_image\" \/>\n<script type=\"application\/ld+json\" class=\"yoast-schema-graph\">{\"@context\":\"https:\/\/schema.org\",\"@graph\":[{\"@type\":\"WebPage\",\"@id\":\"https:\/\/thacoindustries.com\/ko\/about-us\/sales-materials\/\",\"url\":\"https:\/\/thacoindustries.com\/ko\/about-us\/sales-materials\/\",\"name\":\"\ub9c8\ucf00\ud305 \uc790\ub8cc\",\"isPartOf\":{\"@id\":\"https:\/\/thacoindustries.com\/#website\"},\"datePublished\":\"2022-07-12T02:39:30+00:00\",\"dateModified\":\"2025-08-01T00:44:28+00:00\",\"description\":\"THACO INDUSTRIES cung c\u1ea5p cho qu\u00fd kh\u00e1ch h\u00e0ng \u0111\u1ea7y \u0111\u1ee7 t\u00e0i li\u1ec7u c\u1ee5 th\u1ec3 v\u1ec1 c\u00e1c nh\u00e0 m\u00e1y. M\u1ecdi ng\u01b0\u1eddi c\u00f3 th\u1ec3 truy c\u1eadp \u0111\u1ec3 nghi\u00ean c\u1ee9u t\u1eebng s\u1ea3n ph\u1ea9m...\",\"breadcrumb\":{\"@id\":\"https:\/\/thacoindustries.com\/ko\/about-us\/sales-materials\/#breadcrumb\"},\"inLanguage\":\"ko\",\"potentialAction\":[{\"@type\":\"ReadAction\",\"target\":[\"https:\/\/thacoindustries.com\/ko\/about-us\/sales-materials\/\"]}]},{\"@type\":\"BreadcrumbList\",\"@id\":\"https:\/\/thacoindustries.com\/ko\/about-us\/sales-materials\/#breadcrumb\",\"itemListElement\":[{\"@type\":\"ListItem\",\"position\":1,\"name\":\"Home\",\"item\":\"https:\/\/thacoindustries.com\/ko\/\"},{\"@type\":\"ListItem\",\"position\":2,\"name\":\"\ud68c\uc0ac \uc18c\uac1c\",\"item\":\"https:\/\/thacoindustries.com\/ko\/about-us\/\"},{\"@type\":\"ListItem\",\"position\":3,\"name\":\"\ub9c8\ucf00\ud305 \uc790\ub8cc\"}]},{\"@type\":\"WebSite\",\"@id\":\"https:\/\/thacoindustries.com\/#website\",\"url\":\"https:\/\/thacoindustries.com\/\",\"name\":\"THACO INDUSTRIES\",\"description\":\"\",\"publisher\":{\"@id\":\"https:\/\/thacoindustries.com\/#organization\"},\"potentialAction\":[{\"@type\":\"SearchAction\",\"target\":{\"@type\":\"EntryPoint\",\"urlTemplate\":\"https:\/\/thacoindustries.com\/?s={search_term_string}\"},\"query-input\":{\"@type\":\"PropertyValueSpecification\",\"valueRequired\":true,\"valueName\":\"search_term_string\"}}],\"inLanguage\":\"ko\"},{\"@type\":\"Organization\",\"@id\":\"https:\/\/thacoindustries.com\/#organization\",\"name\":\"THACO INDUSTRIES\",\"url\":\"https:\/\/thacoindustries.com\/\",\"logo\":{\"@type\":\"ImageObject\",\"inLanguage\":\"ko\",\"@id\":\"https:\/\/thacoindustries.com\/#\/schema\/logo\/image\/\",\"url\":\"https:\/\/thacoindustries.com\/wp-content\/uploads\/2024\/10\/Untitled-11.png\",\"contentUrl\":\"https:\/\/thacoindustries.com\/wp-content\/uploads\/2024\/10\/Untitled-11.png\",\"width\":512,\"height\":512,\"caption\":\"THACO INDUSTRIES\"},\"image\":{\"@id\":\"https:\/\/thacoindustries.com\/#\/schema\/logo\/image\/\"}}]}<\/script>\n<!-- \/ Yoast SEO plugin. -->","yoast_head_json":{"title":"\ub9c8\ucf00\ud305 \uc790\ub8cc","description":"THACO INDUSTRIES cung c\u1ea5p cho qu\u00fd kh\u00e1ch h\u00e0ng \u0111\u1ea7y \u0111\u1ee7 t\u00e0i li\u1ec7u c\u1ee5 th\u1ec3 v\u1ec1 c\u00e1c nh\u00e0 m\u00e1y. M\u1ecdi ng\u01b0\u1eddi c\u00f3 th\u1ec3 truy c\u1eadp \u0111\u1ec3 nghi\u00ean c\u1ee9u t\u1eebng s\u1ea3n ph\u1ea9m...","robots":{"index":"index","follow":"follow","max-snippet":"max-snippet:-1","max-image-preview":"max-image-preview:large","max-video-preview":"max-video-preview:-1"},"canonical":"https:\/\/thacoindustries.com\/ko\/about-us\/sales-materials\/","og_locale":"en_US","og_type":"article","og_title":"\ub9c8\ucf00\ud305 \uc790\ub8cc","og_description":"THACO INDUSTRIES cung c\u1ea5p cho qu\u00fd kh\u00e1ch h\u00e0ng \u0111\u1ea7y \u0111\u1ee7 t\u00e0i li\u1ec7u c\u1ee5 th\u1ec3 v\u1ec1 c\u00e1c nh\u00e0 m\u00e1y. M\u1ecdi ng\u01b0\u1eddi c\u00f3 th\u1ec3 truy c\u1eadp \u0111\u1ec3 nghi\u00ean c\u1ee9u t\u1eebng s\u1ea3n ph\u1ea9m...","og_url":"https:\/\/thacoindustries.com\/ko\/about-us\/sales-materials\/","og_site_name":"THACO INDUSTRIES","article_modified_time":"2025-08-01T00:44:28+00:00","twitter_card":"summary_large_image","schema":{"@context":"https:\/\/schema.org","@graph":[{"@type":"WebPage","@id":"https:\/\/thacoindustries.com\/ko\/about-us\/sales-materials\/","url":"https:\/\/thacoindustries.com\/ko\/about-us\/sales-materials\/","name":"\ub9c8\ucf00\ud305 \uc790\ub8cc","isPartOf":{"@id":"https:\/\/thacoindustries.com\/#website"},"datePublished":"2022-07-12T02:39:30+00:00","dateModified":"2025-08-01T00:44:28+00:00","description":"THACO INDUSTRIES cung c\u1ea5p cho qu\u00fd kh\u00e1ch h\u00e0ng \u0111\u1ea7y \u0111\u1ee7 t\u00e0i li\u1ec7u c\u1ee5 th\u1ec3 v\u1ec1 c\u00e1c nh\u00e0 m\u00e1y. M\u1ecdi ng\u01b0\u1eddi c\u00f3 th\u1ec3 truy c\u1eadp \u0111\u1ec3 nghi\u00ean c\u1ee9u t\u1eebng s\u1ea3n ph\u1ea9m...","breadcrumb":{"@id":"https:\/\/thacoindustries.com\/ko\/about-us\/sales-materials\/#breadcrumb"},"inLanguage":"ko","potentialAction":[{"@type":"ReadAction","target":["https:\/\/thacoindustries.com\/ko\/about-us\/sales-materials\/"]}]},{"@type":"BreadcrumbList","@id":"https:\/\/thacoindustries.com\/ko\/about-us\/sales-materials\/#breadcrumb","itemListElement":[{"@type":"ListItem","position":1,"name":"Home","item":"https:\/\/thacoindustries.com\/ko\/"},{"@type":"ListItem","position":2,"name":"\ud68c\uc0ac \uc18c\uac1c","item":"https:\/\/thacoindustries.com\/ko\/about-us\/"},{"@type":"ListItem","position":3,"name":"\ub9c8\ucf00\ud305 \uc790\ub8cc"}]},{"@type":"WebSite","@id":"https:\/\/thacoindustries.com\/#website","url":"https:\/\/thacoindustries.com\/","name":"THACO INDUSTRIES","description":"","publisher":{"@id":"https:\/\/thacoindustries.com\/#organization"},"potentialAction":[{"@type":"SearchAction","target":{"@type":"EntryPoint","urlTemplate":"https:\/\/thacoindustries.com\/?s={search_term_string}"},"query-input":{"@type":"PropertyValueSpecification","valueRequired":true,"valueName":"search_term_string"}}],"inLanguage":"ko"},{"@type":"Organization","@id":"https:\/\/thacoindustries.com\/#organization","name":"THACO INDUSTRIES","url":"https:\/\/thacoindustries.com\/","logo":{"@type":"ImageObject","inLanguage":"ko","@id":"https:\/\/thacoindustries.com\/#\/schema\/logo\/image\/","url":"https:\/\/thacoindustries.com\/wp-content\/uploads\/2024\/10\/Untitled-11.png","contentUrl":"https:\/\/thacoindustries.com\/wp-content\/uploads\/2024\/10\/Untitled-11.png","width":512,"height":512,"caption":"THACO INDUSTRIES"},"image":{"@id":"https:\/\/thacoindustries.com\/#\/schema\/logo\/image\/"}}]}},"_links":{"self":[{"href":"https:\/\/thacoindustries.com\/ko\/wp-json\/wp\/v2\/pages\/25647","targetHints":{"allow":["GET"]}}],"collection":[{"href":"https:\/\/thacoindustries.com\/ko\/wp-json\/wp\/v2\/pages"}],"about":[{"href":"https:\/\/thacoindustries.com\/ko\/wp-json\/wp\/v2\/types\/page"}],"author":[{"embeddable":true,"href":"https:\/\/thacoindustries.com\/ko\/wp-json\/wp\/v2\/users\/1"}],"replies":[{"embeddable":true,"href":"https:\/\/thacoindustries.com\/ko\/wp-json\/wp\/v2\/comments?post=25647"}],"version-history":[{"count":1,"href":"https:\/\/thacoindustries.com\/ko\/wp-json\/wp\/v2\/pages\/25647\/revisions"}],"predecessor-version":[{"id":26994,"href":"https:\/\/thacoindustries.com\/ko\/wp-json\/wp\/v2\/pages\/25647\/revisions\/26994"}],"up":[{"embeddable":true,"href":"https:\/\/thacoindustries.com\/ko\/wp-json\/wp\/v2\/pages\/25655"}],"wp:attachment":[{"href":"https:\/\/thacoindustries.com\/ko\/wp-json\/wp\/v2\/media?parent=25647"}],"curies":[{"name":"wp","href":"https:\/\/api.w.org\/{rel}","templated":true}]}}