{"id":25635,"date":"2022-09-13T01:43:06","date_gmt":"2022-09-13T01:43:06","guid":{"rendered":"https:\/\/thacoindustries.com\/san-pham\/"},"modified":"2025-07-19T14:20:57","modified_gmt":"2025-07-19T07:20:57","slug":"product-category","status":"publish","type":"page","link":"https:\/\/thacoindustries.com\/ko\/product-category\/","title":{"rendered":"\uc81c\ud488\uc18c\uac1c"},"content":{"rendered":"","protected":false},"excerpt":{"rendered":"","protected":false},"author":1,"featured_media":0,"parent":0,"menu_order":47,"comment_status":"closed","ping_status":"closed","template":"archive-product.php","meta":{"om_disable_all_campaigns":false,"_monsterinsights_skip_tracking":false,"_monsterinsights_sitenote_active":false,"_monsterinsights_sitenote_note":"","_monsterinsights_sitenote_category":0,"footnotes":""},"class_list":["post-25635","page","type-page","status-publish"],"acf":[],"yoast_head":"<!-- This site is optimized with the Yoast SEO plugin v25.4 - https:\/\/yoast.com\/wordpress\/plugins\/seo\/ -->\n<title>S\u1ea3n ph\u1ea9m - THACO INDUSTRIES<\/title>\n<meta name=\"description\" content=\"THACO INDUSTRIES s\u1ea3n xu\u1ea5t v\u00e0 cung \u1ee9ng \u0111a d\u1ea1ng c\u00e1c m\u1eabu m\u00e3 s\u1ea3n ph\u1ea9m theo y\u00eau c\u1ea7u \u0111\u01a1n \u0111\u1eb7t h\u00e0ng c\u1ee7a qu\u00fd kh\u00e1ch, \u0111\u1ea3m b\u1ea3o ch\u1ea5t l\u01b0\u1ee3ng, gi\u00e1 c\u1ea3 ph\u00f9 h\u1ee3p\" \/>\n<meta name=\"robots\" content=\"index, follow, max-snippet:-1, max-image-preview:large, max-video-preview:-1\" \/>\n<link rel=\"canonical\" href=\"https:\/\/thacoindustries.com\/ko\/product-category\/\" \/>\n<meta property=\"og:locale\" content=\"en_US\" \/>\n<meta property=\"og:type\" content=\"article\" \/>\n<meta property=\"og:title\" content=\"S\u1ea3n ph\u1ea9m - THACO INDUSTRIES\" \/>\n<meta property=\"og:description\" content=\"THACO INDUSTRIES s\u1ea3n xu\u1ea5t v\u00e0 cung \u1ee9ng \u0111a d\u1ea1ng c\u00e1c m\u1eabu m\u00e3 s\u1ea3n ph\u1ea9m theo y\u00eau c\u1ea7u \u0111\u01a1n \u0111\u1eb7t h\u00e0ng c\u1ee7a qu\u00fd kh\u00e1ch, \u0111\u1ea3m b\u1ea3o ch\u1ea5t l\u01b0\u1ee3ng, gi\u00e1 c\u1ea3 ph\u00f9 h\u1ee3p\" \/>\n<meta property=\"og:url\" content=\"https:\/\/thacoindustries.com\/ko\/product-category\/\" \/>\n<meta property=\"og:site_name\" content=\"THACO INDUSTRIES\" \/>\n<meta property=\"article:modified_time\" content=\"2025-07-19T07:20:57+00:00\" \/>\n<meta name=\"twitter:card\" content=\"summary_large_image\" \/>\n<script type=\"application\/ld+json\" class=\"yoast-schema-graph\">{\"@context\":\"https:\/\/schema.org\",\"@graph\":[{\"@type\":\"WebPage\",\"@id\":\"https:\/\/thacoindustries.com\/ko\/product-category\/\",\"url\":\"https:\/\/thacoindustries.com\/ko\/product-category\/\",\"name\":\"S\u1ea3n ph\u1ea9m - THACO INDUSTRIES\",\"isPartOf\":{\"@id\":\"https:\/\/thacoindustries.com\/#website\"},\"datePublished\":\"2022-09-13T01:43:06+00:00\",\"dateModified\":\"2025-07-19T07:20:57+00:00\",\"description\":\"THACO INDUSTRIES s\u1ea3n xu\u1ea5t v\u00e0 cung \u1ee9ng \u0111a d\u1ea1ng c\u00e1c m\u1eabu m\u00e3 s\u1ea3n ph\u1ea9m theo y\u00eau c\u1ea7u \u0111\u01a1n \u0111\u1eb7t h\u00e0ng c\u1ee7a qu\u00fd kh\u00e1ch, \u0111\u1ea3m b\u1ea3o ch\u1ea5t l\u01b0\u1ee3ng, gi\u00e1 c\u1ea3 ph\u00f9 h\u1ee3p\",\"breadcrumb\":{\"@id\":\"https:\/\/thacoindustries.com\/ko\/product-category\/#breadcrumb\"},\"inLanguage\":\"ko\",\"potentialAction\":[{\"@type\":\"ReadAction\",\"target\":[\"https:\/\/thacoindustries.com\/ko\/product-category\/\"]}]},{\"@type\":\"BreadcrumbList\",\"@id\":\"https:\/\/thacoindustries.com\/ko\/product-category\/#breadcrumb\",\"itemListElement\":[{\"@type\":\"ListItem\",\"position\":1,\"name\":\"Home\",\"item\":\"https:\/\/thacoindustries.com\/ko\/\"},{\"@type\":\"ListItem\",\"position\":2,\"name\":\"\uc81c\ud488\uc18c\uac1c\"}]},{\"@type\":\"WebSite\",\"@id\":\"https:\/\/thacoindustries.com\/#website\",\"url\":\"https:\/\/thacoindustries.com\/\",\"name\":\"THACO INDUSTRIES\",\"description\":\"\",\"publisher\":{\"@id\":\"https:\/\/thacoindustries.com\/#organization\"},\"potentialAction\":[{\"@type\":\"SearchAction\",\"target\":{\"@type\":\"EntryPoint\",\"urlTemplate\":\"https:\/\/thacoindustries.com\/?s={search_term_string}\"},\"query-input\":{\"@type\":\"PropertyValueSpecification\",\"valueRequired\":true,\"valueName\":\"search_term_string\"}}],\"inLanguage\":\"ko\"},{\"@type\":\"Organization\",\"@id\":\"https:\/\/thacoindustries.com\/#organization\",\"name\":\"THACO INDUSTRIES\",\"url\":\"https:\/\/thacoindustries.com\/\",\"logo\":{\"@type\":\"ImageObject\",\"inLanguage\":\"ko\",\"@id\":\"https:\/\/thacoindustries.com\/#\/schema\/logo\/image\/\",\"url\":\"https:\/\/thacoindustries.com\/wp-content\/uploads\/2024\/10\/Untitled-11.png\",\"contentUrl\":\"https:\/\/thacoindustries.com\/wp-content\/uploads\/2024\/10\/Untitled-11.png\",\"width\":512,\"height\":512,\"caption\":\"THACO INDUSTRIES\"},\"image\":{\"@id\":\"https:\/\/thacoindustries.com\/#\/schema\/logo\/image\/\"}}]}<\/script>\n<!-- \/ Yoast SEO plugin. -->","yoast_head_json":{"title":"S\u1ea3n ph\u1ea9m - THACO INDUSTRIES","description":"THACO INDUSTRIES s\u1ea3n xu\u1ea5t v\u00e0 cung \u1ee9ng \u0111a d\u1ea1ng c\u00e1c m\u1eabu m\u00e3 s\u1ea3n ph\u1ea9m theo y\u00eau c\u1ea7u \u0111\u01a1n \u0111\u1eb7t h\u00e0ng c\u1ee7a qu\u00fd kh\u00e1ch, \u0111\u1ea3m b\u1ea3o ch\u1ea5t l\u01b0\u1ee3ng, gi\u00e1 c\u1ea3 ph\u00f9 h\u1ee3p","robots":{"index":"index","follow":"follow","max-snippet":"max-snippet:-1","max-image-preview":"max-image-preview:large","max-video-preview":"max-video-preview:-1"},"canonical":"https:\/\/thacoindustries.com\/ko\/product-category\/","og_locale":"en_US","og_type":"article","og_title":"S\u1ea3n ph\u1ea9m - THACO INDUSTRIES","og_description":"THACO INDUSTRIES s\u1ea3n xu\u1ea5t v\u00e0 cung \u1ee9ng \u0111a d\u1ea1ng c\u00e1c m\u1eabu m\u00e3 s\u1ea3n ph\u1ea9m theo y\u00eau c\u1ea7u \u0111\u01a1n \u0111\u1eb7t h\u00e0ng c\u1ee7a qu\u00fd kh\u00e1ch, \u0111\u1ea3m b\u1ea3o ch\u1ea5t l\u01b0\u1ee3ng, gi\u00e1 c\u1ea3 ph\u00f9 h\u1ee3p","og_url":"https:\/\/thacoindustries.com\/ko\/product-category\/","og_site_name":"THACO INDUSTRIES","article_modified_time":"2025-07-19T07:20:57+00:00","twitter_card":"summary_large_image","schema":{"@context":"https:\/\/schema.org","@graph":[{"@type":"WebPage","@id":"https:\/\/thacoindustries.com\/ko\/product-category\/","url":"https:\/\/thacoindustries.com\/ko\/product-category\/","name":"S\u1ea3n ph\u1ea9m - THACO INDUSTRIES","isPartOf":{"@id":"https:\/\/thacoindustries.com\/#website"},"datePublished":"2022-09-13T01:43:06+00:00","dateModified":"2025-07-19T07:20:57+00:00","description":"THACO INDUSTRIES s\u1ea3n xu\u1ea5t v\u00e0 cung \u1ee9ng \u0111a d\u1ea1ng c\u00e1c m\u1eabu m\u00e3 s\u1ea3n ph\u1ea9m theo y\u00eau c\u1ea7u \u0111\u01a1n \u0111\u1eb7t h\u00e0ng c\u1ee7a qu\u00fd kh\u00e1ch, \u0111\u1ea3m b\u1ea3o ch\u1ea5t l\u01b0\u1ee3ng, gi\u00e1 c\u1ea3 ph\u00f9 h\u1ee3p","breadcrumb":{"@id":"https:\/\/thacoindustries.com\/ko\/product-category\/#breadcrumb"},"inLanguage":"ko","potentialAction":[{"@type":"ReadAction","target":["https:\/\/thacoindustries.com\/ko\/product-category\/"]}]},{"@type":"BreadcrumbList","@id":"https:\/\/thacoindustries.com\/ko\/product-category\/#breadcrumb","itemListElement":[{"@type":"ListItem","position":1,"name":"Home","item":"https:\/\/thacoindustries.com\/ko\/"},{"@type":"ListItem","position":2,"name":"\uc81c\ud488\uc18c\uac1c"}]},{"@type":"WebSite","@id":"https:\/\/thacoindustries.com\/#website","url":"https:\/\/thacoindustries.com\/","name":"THACO INDUSTRIES","description":"","publisher":{"@id":"https:\/\/thacoindustries.com\/#organization"},"potentialAction":[{"@type":"SearchAction","target":{"@type":"EntryPoint","urlTemplate":"https:\/\/thacoindustries.com\/?s={search_term_string}"},"query-input":{"@type":"PropertyValueSpecification","valueRequired":true,"valueName":"search_term_string"}}],"inLanguage":"ko"},{"@type":"Organization","@id":"https:\/\/thacoindustries.com\/#organization","name":"THACO INDUSTRIES","url":"https:\/\/thacoindustries.com\/","logo":{"@type":"ImageObject","inLanguage":"ko","@id":"https:\/\/thacoindustries.com\/#\/schema\/logo\/image\/","url":"https:\/\/thacoindustries.com\/wp-content\/uploads\/2024\/10\/Untitled-11.png","contentUrl":"https:\/\/thacoindustries.com\/wp-content\/uploads\/2024\/10\/Untitled-11.png","width":512,"height":512,"caption":"THACO INDUSTRIES"},"image":{"@id":"https:\/\/thacoindustries.com\/#\/schema\/logo\/image\/"}}]}},"_links":{"self":[{"href":"https:\/\/thacoindustries.com\/ko\/wp-json\/wp\/v2\/pages\/25635","targetHints":{"allow":["GET"]}}],"collection":[{"href":"https:\/\/thacoindustries.com\/ko\/wp-json\/wp\/v2\/pages"}],"about":[{"href":"https:\/\/thacoindustries.com\/ko\/wp-json\/wp\/v2\/types\/page"}],"author":[{"embeddable":true,"href":"https:\/\/thacoindustries.com\/ko\/wp-json\/wp\/v2\/users\/1"}],"replies":[{"embeddable":true,"href":"https:\/\/thacoindustries.com\/ko\/wp-json\/wp\/v2\/comments?post=25635"}],"version-history":[{"count":2,"href":"https:\/\/thacoindustries.com\/ko\/wp-json\/wp\/v2\/pages\/25635\/revisions"}],"predecessor-version":[{"id":26372,"href":"https:\/\/thacoindustries.com\/ko\/wp-json\/wp\/v2\/pages\/25635\/revisions\/26372"}],"wp:attachment":[{"href":"https:\/\/thacoindustries.com\/ko\/wp-json\/wp\/v2\/media?parent=25635"}],"curies":[{"name":"wp","href":"https:\/\/api.w.org\/{rel}","templated":true}]}}