{"id":18910,"date":"2025-02-25T08:31:59","date_gmt":"2025-02-25T01:31:59","guid":{"rendered":"https:\/\/thacoindustries.com\/thanh-vien\/trung-tam-rd\/"},"modified":"2025-09-12T16:30:49","modified_gmt":"2025-09-12T09:30:49","slug":"rd-center","status":"publish","type":"page","link":"https:\/\/thacoindustries.com\/en\/affiliates\/rd-center\/","title":{"rendered":"R&#038;D Center"},"content":{"rendered":"","protected":false},"excerpt":{"rendered":"","protected":false},"author":2,"featured_media":18778,"parent":1261,"menu_order":0,"comment_status":"closed","ping_status":"closed","template":"templates\/member.php","meta":{"om_disable_all_campaigns":false,"_monsterinsights_skip_tracking":false,"_monsterinsights_sitenote_active":false,"_monsterinsights_sitenote_note":"","_monsterinsights_sitenote_category":0,"footnotes":""},"class_list":["post-18910","page","type-page","status-publish","has-post-thumbnail"],"acf":[],"yoast_head":"<!-- This site is optimized with the Yoast SEO plugin v25.4 - https:\/\/yoast.com\/wordpress\/plugins\/seo\/ -->\n<title>R&amp;D Center \u2013 Driving Innovation at THACO INDUSTRIES<\/title>\n<meta name=\"description\" content=\"Trung t\u00e2m R&amp;D THACO INDUSTRIES l\u00e0 m\u1ed9t trong nh\u1eefng trung t\u00e2m nghi\u00ean c\u1ee9u v\u00e0 ph\u00e1t tri\u1ec3n s\u1ea3n ph\u1ea9m quy m\u00f4 h\u00e0ng \u0111\u1ea7u Vi\u1ec7t Nam\" \/>\n<meta name=\"robots\" content=\"index, follow, max-snippet:-1, max-image-preview:large, max-video-preview:-1\" \/>\n<link rel=\"canonical\" href=\"https:\/\/thacoindustries.com\/en\/affiliates\/rd-center\/\" \/>\n<meta property=\"og:locale\" content=\"en_US\" \/>\n<meta property=\"og:type\" content=\"article\" \/>\n<meta property=\"og:title\" content=\"R&amp;D Center \u2013 Driving Innovation at THACO INDUSTRIES\" \/>\n<meta property=\"og:description\" content=\"Trung t\u00e2m R&amp;D THACO INDUSTRIES l\u00e0 m\u1ed9t trong nh\u1eefng trung t\u00e2m nghi\u00ean c\u1ee9u v\u00e0 ph\u00e1t tri\u1ec3n s\u1ea3n ph\u1ea9m quy m\u00f4 h\u00e0ng \u0111\u1ea7u Vi\u1ec7t Nam\" \/>\n<meta property=\"og:url\" content=\"https:\/\/thacoindustries.com\/en\/affiliates\/rd-center\/\" \/>\n<meta property=\"og:site_name\" content=\"THACO INDUSTRIES\" \/>\n<meta property=\"article:modified_time\" content=\"2025-09-12T09:30:49+00:00\" \/>\n<meta property=\"og:image\" content=\"https:\/\/thacoindustries.com\/wp-content\/uploads\/2025\/02\/Trung-tam-RD-THACO-INDUSTRIES-469x264-1.jpg\" \/>\n\t<meta property=\"og:image:width\" content=\"469\" \/>\n\t<meta property=\"og:image:height\" content=\"264\" \/>\n\t<meta property=\"og:image:type\" content=\"image\/jpeg\" \/>\n<meta name=\"twitter:card\" content=\"summary_large_image\" \/>\n<meta name=\"twitter:label1\" content=\"Est. reading time\" \/>\n\t<meta name=\"twitter:data1\" content=\"1 minute\" \/>\n<script type=\"application\/ld+json\" class=\"yoast-schema-graph\">{\"@context\":\"https:\/\/schema.org\",\"@graph\":[{\"@type\":\"WebPage\",\"@id\":\"https:\/\/thacoindustries.com\/en\/affiliates\/rd-center\/\",\"url\":\"https:\/\/thacoindustries.com\/en\/affiliates\/rd-center\/\",\"name\":\"R&D Center \u2013 Driving Innovation at THACO INDUSTRIES\",\"isPartOf\":{\"@id\":\"https:\/\/thacoindustries.com\/#website\"},\"primaryImageOfPage\":{\"@id\":\"https:\/\/thacoindustries.com\/en\/affiliates\/rd-center\/#primaryimage\"},\"image\":{\"@id\":\"https:\/\/thacoindustries.com\/en\/affiliates\/rd-center\/#primaryimage\"},\"thumbnailUrl\":\"https:\/\/thacoindustries.com\/wp-content\/uploads\/2025\/02\/Trung-tam-RD-THACO-INDUSTRIES-469x264-1.jpg\",\"datePublished\":\"2025-02-25T01:31:59+00:00\",\"dateModified\":\"2025-09-12T09:30:49+00:00\",\"description\":\"Trung t\u00e2m R&D THACO INDUSTRIES l\u00e0 m\u1ed9t trong nh\u1eefng trung t\u00e2m nghi\u00ean c\u1ee9u v\u00e0 ph\u00e1t tri\u1ec3n s\u1ea3n ph\u1ea9m quy m\u00f4 h\u00e0ng \u0111\u1ea7u Vi\u1ec7t Nam\",\"breadcrumb\":{\"@id\":\"https:\/\/thacoindustries.com\/en\/affiliates\/rd-center\/#breadcrumb\"},\"inLanguage\":\"en\",\"potentialAction\":[{\"@type\":\"ReadAction\",\"target\":[\"https:\/\/thacoindustries.com\/en\/affiliates\/rd-center\/\"]}]},{\"@type\":\"ImageObject\",\"inLanguage\":\"en\",\"@id\":\"https:\/\/thacoindustries.com\/en\/affiliates\/rd-center\/#primaryimage\",\"url\":\"https:\/\/thacoindustries.com\/wp-content\/uploads\/2025\/02\/Trung-tam-RD-THACO-INDUSTRIES-469x264-1.jpg\",\"contentUrl\":\"https:\/\/thacoindustries.com\/wp-content\/uploads\/2025\/02\/Trung-tam-RD-THACO-INDUSTRIES-469x264-1.jpg\",\"width\":469,\"height\":264},{\"@type\":\"BreadcrumbList\",\"@id\":\"https:\/\/thacoindustries.com\/en\/affiliates\/rd-center\/#breadcrumb\",\"itemListElement\":[{\"@type\":\"ListItem\",\"position\":1,\"name\":\"Home\",\"item\":\"https:\/\/thacoindustries.com\/en\/\"},{\"@type\":\"ListItem\",\"position\":2,\"name\":\"Affiliates\",\"item\":\"https:\/\/thacoindustries.com\/en\/affiliates\/\"},{\"@type\":\"ListItem\",\"position\":3,\"name\":\"R&#038;D Center\"}]},{\"@type\":\"WebSite\",\"@id\":\"https:\/\/thacoindustries.com\/#website\",\"url\":\"https:\/\/thacoindustries.com\/\",\"name\":\"THACO INDUSTRIES\",\"description\":\"\",\"publisher\":{\"@id\":\"https:\/\/thacoindustries.com\/#organization\"},\"potentialAction\":[{\"@type\":\"SearchAction\",\"target\":{\"@type\":\"EntryPoint\",\"urlTemplate\":\"https:\/\/thacoindustries.com\/?s={search_term_string}\"},\"query-input\":{\"@type\":\"PropertyValueSpecification\",\"valueRequired\":true,\"valueName\":\"search_term_string\"}}],\"inLanguage\":\"en\"},{\"@type\":\"Organization\",\"@id\":\"https:\/\/thacoindustries.com\/#organization\",\"name\":\"THACO INDUSTRIES\",\"url\":\"https:\/\/thacoindustries.com\/\",\"logo\":{\"@type\":\"ImageObject\",\"inLanguage\":\"en\",\"@id\":\"https:\/\/thacoindustries.com\/#\/schema\/logo\/image\/\",\"url\":\"https:\/\/thacoindustries.com\/wp-content\/uploads\/2024\/10\/Untitled-11.png\",\"contentUrl\":\"https:\/\/thacoindustries.com\/wp-content\/uploads\/2024\/10\/Untitled-11.png\",\"width\":512,\"height\":512,\"caption\":\"THACO INDUSTRIES\"},\"image\":{\"@id\":\"https:\/\/thacoindustries.com\/#\/schema\/logo\/image\/\"}}]}<\/script>\n<!-- \/ Yoast SEO plugin. -->","yoast_head_json":{"title":"R&D Center \u2013 Driving Innovation at THACO INDUSTRIES","description":"Trung t\u00e2m R&D THACO INDUSTRIES l\u00e0 m\u1ed9t trong nh\u1eefng trung t\u00e2m nghi\u00ean c\u1ee9u v\u00e0 ph\u00e1t tri\u1ec3n s\u1ea3n ph\u1ea9m quy m\u00f4 h\u00e0ng \u0111\u1ea7u Vi\u1ec7t Nam","robots":{"index":"index","follow":"follow","max-snippet":"max-snippet:-1","max-image-preview":"max-image-preview:large","max-video-preview":"max-video-preview:-1"},"canonical":"https:\/\/thacoindustries.com\/en\/affiliates\/rd-center\/","og_locale":"en_US","og_type":"article","og_title":"R&D Center \u2013 Driving Innovation at THACO INDUSTRIES","og_description":"Trung t\u00e2m R&D THACO INDUSTRIES l\u00e0 m\u1ed9t trong nh\u1eefng trung t\u00e2m nghi\u00ean c\u1ee9u v\u00e0 ph\u00e1t tri\u1ec3n s\u1ea3n ph\u1ea9m quy m\u00f4 h\u00e0ng \u0111\u1ea7u Vi\u1ec7t Nam","og_url":"https:\/\/thacoindustries.com\/en\/affiliates\/rd-center\/","og_site_name":"THACO INDUSTRIES","article_modified_time":"2025-09-12T09:30:49+00:00","og_image":[{"width":469,"height":264,"url":"https:\/\/thacoindustries.com\/wp-content\/uploads\/2025\/02\/Trung-tam-RD-THACO-INDUSTRIES-469x264-1.jpg","type":"image\/jpeg"}],"twitter_card":"summary_large_image","twitter_misc":{"Est. reading time":"1 minute"},"schema":{"@context":"https:\/\/schema.org","@graph":[{"@type":"WebPage","@id":"https:\/\/thacoindustries.com\/en\/affiliates\/rd-center\/","url":"https:\/\/thacoindustries.com\/en\/affiliates\/rd-center\/","name":"R&D Center \u2013 Driving Innovation at THACO INDUSTRIES","isPartOf":{"@id":"https:\/\/thacoindustries.com\/#website"},"primaryImageOfPage":{"@id":"https:\/\/thacoindustries.com\/en\/affiliates\/rd-center\/#primaryimage"},"image":{"@id":"https:\/\/thacoindustries.com\/en\/affiliates\/rd-center\/#primaryimage"},"thumbnailUrl":"https:\/\/thacoindustries.com\/wp-content\/uploads\/2025\/02\/Trung-tam-RD-THACO-INDUSTRIES-469x264-1.jpg","datePublished":"2025-02-25T01:31:59+00:00","dateModified":"2025-09-12T09:30:49+00:00","description":"Trung t\u00e2m R&D THACO INDUSTRIES l\u00e0 m\u1ed9t trong nh\u1eefng trung t\u00e2m nghi\u00ean c\u1ee9u v\u00e0 ph\u00e1t tri\u1ec3n s\u1ea3n ph\u1ea9m quy m\u00f4 h\u00e0ng \u0111\u1ea7u Vi\u1ec7t Nam","breadcrumb":{"@id":"https:\/\/thacoindustries.com\/en\/affiliates\/rd-center\/#breadcrumb"},"inLanguage":"en","potentialAction":[{"@type":"ReadAction","target":["https:\/\/thacoindustries.com\/en\/affiliates\/rd-center\/"]}]},{"@type":"ImageObject","inLanguage":"en","@id":"https:\/\/thacoindustries.com\/en\/affiliates\/rd-center\/#primaryimage","url":"https:\/\/thacoindustries.com\/wp-content\/uploads\/2025\/02\/Trung-tam-RD-THACO-INDUSTRIES-469x264-1.jpg","contentUrl":"https:\/\/thacoindustries.com\/wp-content\/uploads\/2025\/02\/Trung-tam-RD-THACO-INDUSTRIES-469x264-1.jpg","width":469,"height":264},{"@type":"BreadcrumbList","@id":"https:\/\/thacoindustries.com\/en\/affiliates\/rd-center\/#breadcrumb","itemListElement":[{"@type":"ListItem","position":1,"name":"Home","item":"https:\/\/thacoindustries.com\/en\/"},{"@type":"ListItem","position":2,"name":"Affiliates","item":"https:\/\/thacoindustries.com\/en\/affiliates\/"},{"@type":"ListItem","position":3,"name":"R&#038;D Center"}]},{"@type":"WebSite","@id":"https:\/\/thacoindustries.com\/#website","url":"https:\/\/thacoindustries.com\/","name":"THACO INDUSTRIES","description":"","publisher":{"@id":"https:\/\/thacoindustries.com\/#organization"},"potentialAction":[{"@type":"SearchAction","target":{"@type":"EntryPoint","urlTemplate":"https:\/\/thacoindustries.com\/?s={search_term_string}"},"query-input":{"@type":"PropertyValueSpecification","valueRequired":true,"valueName":"search_term_string"}}],"inLanguage":"en"},{"@type":"Organization","@id":"https:\/\/thacoindustries.com\/#organization","name":"THACO INDUSTRIES","url":"https:\/\/thacoindustries.com\/","logo":{"@type":"ImageObject","inLanguage":"en","@id":"https:\/\/thacoindustries.com\/#\/schema\/logo\/image\/","url":"https:\/\/thacoindustries.com\/wp-content\/uploads\/2024\/10\/Untitled-11.png","contentUrl":"https:\/\/thacoindustries.com\/wp-content\/uploads\/2024\/10\/Untitled-11.png","width":512,"height":512,"caption":"THACO INDUSTRIES"},"image":{"@id":"https:\/\/thacoindustries.com\/#\/schema\/logo\/image\/"}}]}},"_links":{"self":[{"href":"https:\/\/thacoindustries.com\/en\/wp-json\/wp\/v2\/pages\/18910","targetHints":{"allow":["GET"]}}],"collection":[{"href":"https:\/\/thacoindustries.com\/en\/wp-json\/wp\/v2\/pages"}],"about":[{"href":"https:\/\/thacoindustries.com\/en\/wp-json\/wp\/v2\/types\/page"}],"author":[{"embeddable":true,"href":"https:\/\/thacoindustries.com\/en\/wp-json\/wp\/v2\/users\/2"}],"replies":[{"embeddable":true,"href":"https:\/\/thacoindustries.com\/en\/wp-json\/wp\/v2\/comments?post=18910"}],"version-history":[{"count":1,"href":"https:\/\/thacoindustries.com\/en\/wp-json\/wp\/v2\/pages\/18910\/revisions"}],"predecessor-version":[{"id":18911,"href":"https:\/\/thacoindustries.com\/en\/wp-json\/wp\/v2\/pages\/18910\/revisions\/18911"}],"up":[{"embeddable":true,"href":"https:\/\/thacoindustries.com\/en\/wp-json\/wp\/v2\/pages\/1261"}],"wp:featuredmedia":[{"embeddable":true,"href":"https:\/\/thacoindustries.com\/en\/wp-json\/wp\/v2\/media\/18778"}],"wp:attachment":[{"href":"https:\/\/thacoindustries.com\/en\/wp-json\/wp\/v2\/media?parent=18910"}],"curies":[{"name":"wp","href":"https:\/\/api.w.org\/{rel}","templated":true}]}}