{"id":17374,"date":"2024-05-11T09:13:20","date_gmt":"2024-05-11T02:13:20","guid":{"rendered":"https:\/\/thacoindustries.com\/thanh-vien\/cong-ty-noi-that-tai-bus\/"},"modified":"2025-09-12T16:29:48","modified_gmt":"2025-09-12T09:29:48","slug":"truck-bus-interiors-company","status":"publish","type":"page","link":"https:\/\/thacoindustries.com\/en\/affiliates\/truck-bus-interiors-company\/","title":{"rendered":"Truck, Bus Interiors Company"},"content":{"rendered":"","protected":false},"excerpt":{"rendered":"","protected":false},"author":2,"featured_media":0,"parent":1261,"menu_order":0,"comment_status":"closed","ping_status":"closed","template":"templates\/member.php","meta":{"om_disable_all_campaigns":false,"_monsterinsights_skip_tracking":false,"_monsterinsights_sitenote_active":false,"_monsterinsights_sitenote_note":"","_monsterinsights_sitenote_category":0,"footnotes":""},"class_list":["post-17374","page","type-page","status-publish"],"acf":[],"yoast_head":"<!-- This site is optimized with the Yoast SEO plugin v25.4 - https:\/\/yoast.com\/wordpress\/plugins\/seo\/ -->\n<title>Truck &amp; Bus Manufacturing Interiors Company \u2013 Diverse Components<\/title>\n<meta name=\"description\" content=\"C\u00f4ng ty S\u1ea3n xu\u1ea5t N\u1ed9i th\u1ea5t \u00d4 t\u00f4 chuy\u00ean s\u1ea3n xu\u1ea5t v\u00e0 cung \u1ee9ng \u0111a d\u1ea1ng s\u1ea3n ph\u1ea9m ph\u1ee5c v\u1ee5 l\u0129nh v\u1ef1c s\u1ea3n xu\u1ea5t \u00f4 t\u00f4, c\u00f4ng nghi\u1ec7p v\u00e0 d\u00e2n d\u1ee5ng\" \/>\n<meta name=\"robots\" content=\"index, follow, max-snippet:-1, max-image-preview:large, max-video-preview:-1\" \/>\n<link rel=\"canonical\" href=\"https:\/\/thacoindustries.com\/en\/affiliates\/truck-bus-interiors-company\/\" \/>\n<meta property=\"og:locale\" content=\"en_US\" \/>\n<meta property=\"og:type\" content=\"article\" \/>\n<meta property=\"og:title\" content=\"Truck &amp; Bus Manufacturing Interiors Company \u2013 Diverse Components\" \/>\n<meta property=\"og:description\" content=\"C\u00f4ng ty S\u1ea3n xu\u1ea5t N\u1ed9i th\u1ea5t \u00d4 t\u00f4 chuy\u00ean s\u1ea3n xu\u1ea5t v\u00e0 cung \u1ee9ng \u0111a d\u1ea1ng s\u1ea3n ph\u1ea9m ph\u1ee5c v\u1ee5 l\u0129nh v\u1ef1c s\u1ea3n xu\u1ea5t \u00f4 t\u00f4, c\u00f4ng nghi\u1ec7p v\u00e0 d\u00e2n d\u1ee5ng\" \/>\n<meta property=\"og:url\" content=\"https:\/\/thacoindustries.com\/en\/affiliates\/truck-bus-interiors-company\/\" \/>\n<meta property=\"og:site_name\" content=\"THACO INDUSTRIES\" \/>\n<meta property=\"article:modified_time\" content=\"2025-09-12T09:29:48+00:00\" \/>\n<meta name=\"twitter:card\" content=\"summary_large_image\" \/>\n<script type=\"application\/ld+json\" class=\"yoast-schema-graph\">{\"@context\":\"https:\/\/schema.org\",\"@graph\":[{\"@type\":\"WebPage\",\"@id\":\"https:\/\/thacoindustries.com\/en\/affiliates\/truck-bus-interiors-company\/\",\"url\":\"https:\/\/thacoindustries.com\/en\/affiliates\/truck-bus-interiors-company\/\",\"name\":\"Truck & Bus Manufacturing Interiors Company \u2013 Diverse Components\",\"isPartOf\":{\"@id\":\"https:\/\/thacoindustries.com\/#website\"},\"datePublished\":\"2024-05-11T02:13:20+00:00\",\"dateModified\":\"2025-09-12T09:29:48+00:00\",\"description\":\"C\u00f4ng ty S\u1ea3n xu\u1ea5t N\u1ed9i th\u1ea5t \u00d4 t\u00f4 chuy\u00ean s\u1ea3n xu\u1ea5t v\u00e0 cung \u1ee9ng \u0111a d\u1ea1ng s\u1ea3n ph\u1ea9m ph\u1ee5c v\u1ee5 l\u0129nh v\u1ef1c s\u1ea3n xu\u1ea5t \u00f4 t\u00f4, c\u00f4ng nghi\u1ec7p v\u00e0 d\u00e2n d\u1ee5ng\",\"breadcrumb\":{\"@id\":\"https:\/\/thacoindustries.com\/en\/affiliates\/truck-bus-interiors-company\/#breadcrumb\"},\"inLanguage\":\"en\",\"potentialAction\":[{\"@type\":\"ReadAction\",\"target\":[\"https:\/\/thacoindustries.com\/en\/affiliates\/truck-bus-interiors-company\/\"]}]},{\"@type\":\"BreadcrumbList\",\"@id\":\"https:\/\/thacoindustries.com\/en\/affiliates\/truck-bus-interiors-company\/#breadcrumb\",\"itemListElement\":[{\"@type\":\"ListItem\",\"position\":1,\"name\":\"Home\",\"item\":\"https:\/\/thacoindustries.com\/en\/\"},{\"@type\":\"ListItem\",\"position\":2,\"name\":\"Affiliates\",\"item\":\"https:\/\/thacoindustries.com\/en\/affiliates\/\"},{\"@type\":\"ListItem\",\"position\":3,\"name\":\"Truck, Bus Interiors Company\"}]},{\"@type\":\"WebSite\",\"@id\":\"https:\/\/thacoindustries.com\/#website\",\"url\":\"https:\/\/thacoindustries.com\/\",\"name\":\"THACO INDUSTRIES\",\"description\":\"\",\"publisher\":{\"@id\":\"https:\/\/thacoindustries.com\/#organization\"},\"potentialAction\":[{\"@type\":\"SearchAction\",\"target\":{\"@type\":\"EntryPoint\",\"urlTemplate\":\"https:\/\/thacoindustries.com\/?s={search_term_string}\"},\"query-input\":{\"@type\":\"PropertyValueSpecification\",\"valueRequired\":true,\"valueName\":\"search_term_string\"}}],\"inLanguage\":\"en\"},{\"@type\":\"Organization\",\"@id\":\"https:\/\/thacoindustries.com\/#organization\",\"name\":\"THACO INDUSTRIES\",\"url\":\"https:\/\/thacoindustries.com\/\",\"logo\":{\"@type\":\"ImageObject\",\"inLanguage\":\"en\",\"@id\":\"https:\/\/thacoindustries.com\/#\/schema\/logo\/image\/\",\"url\":\"https:\/\/thacoindustries.com\/wp-content\/uploads\/2024\/10\/Untitled-11.png\",\"contentUrl\":\"https:\/\/thacoindustries.com\/wp-content\/uploads\/2024\/10\/Untitled-11.png\",\"width\":512,\"height\":512,\"caption\":\"THACO INDUSTRIES\"},\"image\":{\"@id\":\"https:\/\/thacoindustries.com\/#\/schema\/logo\/image\/\"}}]}<\/script>\n<!-- \/ Yoast SEO plugin. -->","yoast_head_json":{"title":"Truck & Bus Manufacturing Interiors Company \u2013 Diverse Components","description":"C\u00f4ng ty S\u1ea3n xu\u1ea5t N\u1ed9i th\u1ea5t \u00d4 t\u00f4 chuy\u00ean s\u1ea3n xu\u1ea5t v\u00e0 cung \u1ee9ng \u0111a d\u1ea1ng s\u1ea3n ph\u1ea9m ph\u1ee5c v\u1ee5 l\u0129nh v\u1ef1c s\u1ea3n xu\u1ea5t \u00f4 t\u00f4, c\u00f4ng nghi\u1ec7p v\u00e0 d\u00e2n d\u1ee5ng","robots":{"index":"index","follow":"follow","max-snippet":"max-snippet:-1","max-image-preview":"max-image-preview:large","max-video-preview":"max-video-preview:-1"},"canonical":"https:\/\/thacoindustries.com\/en\/affiliates\/truck-bus-interiors-company\/","og_locale":"en_US","og_type":"article","og_title":"Truck & Bus Manufacturing Interiors Company \u2013 Diverse Components","og_description":"C\u00f4ng ty S\u1ea3n xu\u1ea5t N\u1ed9i th\u1ea5t \u00d4 t\u00f4 chuy\u00ean s\u1ea3n xu\u1ea5t v\u00e0 cung \u1ee9ng \u0111a d\u1ea1ng s\u1ea3n ph\u1ea9m ph\u1ee5c v\u1ee5 l\u0129nh v\u1ef1c s\u1ea3n xu\u1ea5t \u00f4 t\u00f4, c\u00f4ng nghi\u1ec7p v\u00e0 d\u00e2n d\u1ee5ng","og_url":"https:\/\/thacoindustries.com\/en\/affiliates\/truck-bus-interiors-company\/","og_site_name":"THACO INDUSTRIES","article_modified_time":"2025-09-12T09:29:48+00:00","twitter_card":"summary_large_image","schema":{"@context":"https:\/\/schema.org","@graph":[{"@type":"WebPage","@id":"https:\/\/thacoindustries.com\/en\/affiliates\/truck-bus-interiors-company\/","url":"https:\/\/thacoindustries.com\/en\/affiliates\/truck-bus-interiors-company\/","name":"Truck & Bus Manufacturing Interiors Company \u2013 Diverse Components","isPartOf":{"@id":"https:\/\/thacoindustries.com\/#website"},"datePublished":"2024-05-11T02:13:20+00:00","dateModified":"2025-09-12T09:29:48+00:00","description":"C\u00f4ng ty S\u1ea3n xu\u1ea5t N\u1ed9i th\u1ea5t \u00d4 t\u00f4 chuy\u00ean s\u1ea3n xu\u1ea5t v\u00e0 cung \u1ee9ng \u0111a d\u1ea1ng s\u1ea3n ph\u1ea9m ph\u1ee5c v\u1ee5 l\u0129nh v\u1ef1c s\u1ea3n xu\u1ea5t \u00f4 t\u00f4, c\u00f4ng nghi\u1ec7p v\u00e0 d\u00e2n d\u1ee5ng","breadcrumb":{"@id":"https:\/\/thacoindustries.com\/en\/affiliates\/truck-bus-interiors-company\/#breadcrumb"},"inLanguage":"en","potentialAction":[{"@type":"ReadAction","target":["https:\/\/thacoindustries.com\/en\/affiliates\/truck-bus-interiors-company\/"]}]},{"@type":"BreadcrumbList","@id":"https:\/\/thacoindustries.com\/en\/affiliates\/truck-bus-interiors-company\/#breadcrumb","itemListElement":[{"@type":"ListItem","position":1,"name":"Home","item":"https:\/\/thacoindustries.com\/en\/"},{"@type":"ListItem","position":2,"name":"Affiliates","item":"https:\/\/thacoindustries.com\/en\/affiliates\/"},{"@type":"ListItem","position":3,"name":"Truck, Bus Interiors Company"}]},{"@type":"WebSite","@id":"https:\/\/thacoindustries.com\/#website","url":"https:\/\/thacoindustries.com\/","name":"THACO INDUSTRIES","description":"","publisher":{"@id":"https:\/\/thacoindustries.com\/#organization"},"potentialAction":[{"@type":"SearchAction","target":{"@type":"EntryPoint","urlTemplate":"https:\/\/thacoindustries.com\/?s={search_term_string}"},"query-input":{"@type":"PropertyValueSpecification","valueRequired":true,"valueName":"search_term_string"}}],"inLanguage":"en"},{"@type":"Organization","@id":"https:\/\/thacoindustries.com\/#organization","name":"THACO INDUSTRIES","url":"https:\/\/thacoindustries.com\/","logo":{"@type":"ImageObject","inLanguage":"en","@id":"https:\/\/thacoindustries.com\/#\/schema\/logo\/image\/","url":"https:\/\/thacoindustries.com\/wp-content\/uploads\/2024\/10\/Untitled-11.png","contentUrl":"https:\/\/thacoindustries.com\/wp-content\/uploads\/2024\/10\/Untitled-11.png","width":512,"height":512,"caption":"THACO INDUSTRIES"},"image":{"@id":"https:\/\/thacoindustries.com\/#\/schema\/logo\/image\/"}}]}},"_links":{"self":[{"href":"https:\/\/thacoindustries.com\/en\/wp-json\/wp\/v2\/pages\/17374","targetHints":{"allow":["GET"]}}],"collection":[{"href":"https:\/\/thacoindustries.com\/en\/wp-json\/wp\/v2\/pages"}],"about":[{"href":"https:\/\/thacoindustries.com\/en\/wp-json\/wp\/v2\/types\/page"}],"author":[{"embeddable":true,"href":"https:\/\/thacoindustries.com\/en\/wp-json\/wp\/v2\/users\/2"}],"replies":[{"embeddable":true,"href":"https:\/\/thacoindustries.com\/en\/wp-json\/wp\/v2\/comments?post=17374"}],"version-history":[{"count":2,"href":"https:\/\/thacoindustries.com\/en\/wp-json\/wp\/v2\/pages\/17374\/revisions"}],"predecessor-version":[{"id":20124,"href":"https:\/\/thacoindustries.com\/en\/wp-json\/wp\/v2\/pages\/17374\/revisions\/20124"}],"up":[{"embeddable":true,"href":"https:\/\/thacoindustries.com\/en\/wp-json\/wp\/v2\/pages\/1261"}],"wp:attachment":[{"href":"https:\/\/thacoindustries.com\/en\/wp-json\/wp\/v2\/media?parent=17374"}],"curies":[{"name":"wp","href":"https:\/\/api.w.org\/{rel}","templated":true}]}}