{"id":15377,"date":"2022-07-26T04:28:46","date_gmt":"2022-07-26T04:28:46","guid":{"rendered":"https:\/\/thacoindustries.com\/thanh-vien\/cong-ty-thiet-bi-chuyen-dung-2\/"},"modified":"2025-09-12T18:41:25","modified_gmt":"2025-09-12T11:41:25","slug":"specialized-equipment-company","status":"publish","type":"page","link":"https:\/\/thacoindustries.com\/en\/affiliates\/specialized-equipment-company\/","title":{"rendered":"Specialized Equipment Company"},"content":{"rendered":"","protected":false},"excerpt":{"rendered":"","protected":false},"author":1,"featured_media":0,"parent":1261,"menu_order":42,"comment_status":"closed","ping_status":"closed","template":"templates\/member.php","meta":{"om_disable_all_campaigns":false,"_monsterinsights_skip_tracking":false,"_monsterinsights_sitenote_active":false,"_monsterinsights_sitenote_note":"","_monsterinsights_sitenote_category":0,"footnotes":""},"class_list":["post-15377","page","type-page","status-publish"],"acf":[],"yoast_head":"<!-- This site is optimized with the Yoast SEO plugin v25.4 - https:\/\/yoast.com\/wordpress\/plugins\/seo\/ -->\n<title>Specialized Equipment Company \u2013 Advanced Industrial Solutions<\/title>\n<meta name=\"description\" content=\"C\u00f4ng ty Cung \u1ee9ng v\u00e0 Gia c\u00f4ng ph\u00f4i th\u00e9p c\u00f3 c\u00f4ng su\u1ea5t 255.000 t\u1ea5n th\u00e9p\/n\u0103m, c\u00f3 ch\u1ee9c n\u0103ng s\u1ea3n xu\u1ea5t v\u00e0 gia c\u00f4ng c\u00e1c s\u1ea3n ph\u1ea9m v\u1eadt t\u01b0 th\u00e9p,...\" \/>\n<meta name=\"robots\" content=\"index, follow, max-snippet:-1, max-image-preview:large, max-video-preview:-1\" \/>\n<link rel=\"canonical\" href=\"https:\/\/thacoindustries.com\/en\/affiliates\/specialized-equipment-company\/\" \/>\n<meta property=\"og:locale\" content=\"en_US\" \/>\n<meta property=\"og:type\" content=\"article\" \/>\n<meta property=\"og:title\" content=\"Specialized Equipment Company \u2013 Advanced Industrial Solutions\" \/>\n<meta property=\"og:description\" content=\"C\u00f4ng ty Cung \u1ee9ng v\u00e0 Gia c\u00f4ng ph\u00f4i th\u00e9p c\u00f3 c\u00f4ng su\u1ea5t 255.000 t\u1ea5n th\u00e9p\/n\u0103m, c\u00f3 ch\u1ee9c n\u0103ng s\u1ea3n xu\u1ea5t v\u00e0 gia c\u00f4ng c\u00e1c s\u1ea3n ph\u1ea9m v\u1eadt t\u01b0 th\u00e9p,...\" \/>\n<meta property=\"og:url\" content=\"https:\/\/thacoindustries.com\/en\/affiliates\/specialized-equipment-company\/\" \/>\n<meta property=\"og:site_name\" content=\"THACO INDUSTRIES\" \/>\n<meta property=\"article:modified_time\" content=\"2025-09-12T11:41:25+00:00\" \/>\n<meta name=\"twitter:card\" content=\"summary_large_image\" \/>\n<script type=\"application\/ld+json\" class=\"yoast-schema-graph\">{\"@context\":\"https:\/\/schema.org\",\"@graph\":[{\"@type\":\"WebPage\",\"@id\":\"https:\/\/thacoindustries.com\/en\/affiliates\/specialized-equipment-company\/\",\"url\":\"https:\/\/thacoindustries.com\/en\/affiliates\/specialized-equipment-company\/\",\"name\":\"Specialized Equipment Company \u2013 Advanced Industrial Solutions\",\"isPartOf\":{\"@id\":\"https:\/\/thacoindustries.com\/#website\"},\"datePublished\":\"2022-07-26T04:28:46+00:00\",\"dateModified\":\"2025-09-12T11:41:25+00:00\",\"description\":\"C\u00f4ng ty Cung \u1ee9ng v\u00e0 Gia c\u00f4ng ph\u00f4i th\u00e9p c\u00f3 c\u00f4ng su\u1ea5t 255.000 t\u1ea5n th\u00e9p\/n\u0103m, c\u00f3 ch\u1ee9c n\u0103ng s\u1ea3n xu\u1ea5t v\u00e0 gia c\u00f4ng c\u00e1c s\u1ea3n ph\u1ea9m v\u1eadt t\u01b0 th\u00e9p,...\",\"breadcrumb\":{\"@id\":\"https:\/\/thacoindustries.com\/en\/affiliates\/specialized-equipment-company\/#breadcrumb\"},\"inLanguage\":\"en\",\"potentialAction\":[{\"@type\":\"ReadAction\",\"target\":[\"https:\/\/thacoindustries.com\/en\/affiliates\/specialized-equipment-company\/\"]}]},{\"@type\":\"BreadcrumbList\",\"@id\":\"https:\/\/thacoindustries.com\/en\/affiliates\/specialized-equipment-company\/#breadcrumb\",\"itemListElement\":[{\"@type\":\"ListItem\",\"position\":1,\"name\":\"Home\",\"item\":\"https:\/\/thacoindustries.com\/en\/\"},{\"@type\":\"ListItem\",\"position\":2,\"name\":\"Affiliates\",\"item\":\"https:\/\/thacoindustries.com\/en\/affiliates\/\"},{\"@type\":\"ListItem\",\"position\":3,\"name\":\"Specialized Equipment Company\"}]},{\"@type\":\"WebSite\",\"@id\":\"https:\/\/thacoindustries.com\/#website\",\"url\":\"https:\/\/thacoindustries.com\/\",\"name\":\"THACO INDUSTRIES\",\"description\":\"\",\"publisher\":{\"@id\":\"https:\/\/thacoindustries.com\/#organization\"},\"potentialAction\":[{\"@type\":\"SearchAction\",\"target\":{\"@type\":\"EntryPoint\",\"urlTemplate\":\"https:\/\/thacoindustries.com\/?s={search_term_string}\"},\"query-input\":{\"@type\":\"PropertyValueSpecification\",\"valueRequired\":true,\"valueName\":\"search_term_string\"}}],\"inLanguage\":\"en\"},{\"@type\":\"Organization\",\"@id\":\"https:\/\/thacoindustries.com\/#organization\",\"name\":\"THACO INDUSTRIES\",\"url\":\"https:\/\/thacoindustries.com\/\",\"logo\":{\"@type\":\"ImageObject\",\"inLanguage\":\"en\",\"@id\":\"https:\/\/thacoindustries.com\/#\/schema\/logo\/image\/\",\"url\":\"https:\/\/thacoindustries.com\/wp-content\/uploads\/2024\/10\/Untitled-11.png\",\"contentUrl\":\"https:\/\/thacoindustries.com\/wp-content\/uploads\/2024\/10\/Untitled-11.png\",\"width\":512,\"height\":512,\"caption\":\"THACO INDUSTRIES\"},\"image\":{\"@id\":\"https:\/\/thacoindustries.com\/#\/schema\/logo\/image\/\"}}]}<\/script>\n<!-- \/ Yoast SEO plugin. -->","yoast_head_json":{"title":"Specialized Equipment Company \u2013 Advanced Industrial Solutions","description":"C\u00f4ng ty Cung \u1ee9ng v\u00e0 Gia c\u00f4ng ph\u00f4i th\u00e9p c\u00f3 c\u00f4ng su\u1ea5t 255.000 t\u1ea5n th\u00e9p\/n\u0103m, c\u00f3 ch\u1ee9c n\u0103ng s\u1ea3n xu\u1ea5t v\u00e0 gia c\u00f4ng c\u00e1c s\u1ea3n ph\u1ea9m v\u1eadt t\u01b0 th\u00e9p,...","robots":{"index":"index","follow":"follow","max-snippet":"max-snippet:-1","max-image-preview":"max-image-preview:large","max-video-preview":"max-video-preview:-1"},"canonical":"https:\/\/thacoindustries.com\/en\/affiliates\/specialized-equipment-company\/","og_locale":"en_US","og_type":"article","og_title":"Specialized Equipment Company \u2013 Advanced Industrial Solutions","og_description":"C\u00f4ng ty Cung \u1ee9ng v\u00e0 Gia c\u00f4ng ph\u00f4i th\u00e9p c\u00f3 c\u00f4ng su\u1ea5t 255.000 t\u1ea5n th\u00e9p\/n\u0103m, c\u00f3 ch\u1ee9c n\u0103ng s\u1ea3n xu\u1ea5t v\u00e0 gia c\u00f4ng c\u00e1c s\u1ea3n ph\u1ea9m v\u1eadt t\u01b0 th\u00e9p,...","og_url":"https:\/\/thacoindustries.com\/en\/affiliates\/specialized-equipment-company\/","og_site_name":"THACO INDUSTRIES","article_modified_time":"2025-09-12T11:41:25+00:00","twitter_card":"summary_large_image","schema":{"@context":"https:\/\/schema.org","@graph":[{"@type":"WebPage","@id":"https:\/\/thacoindustries.com\/en\/affiliates\/specialized-equipment-company\/","url":"https:\/\/thacoindustries.com\/en\/affiliates\/specialized-equipment-company\/","name":"Specialized Equipment Company \u2013 Advanced Industrial Solutions","isPartOf":{"@id":"https:\/\/thacoindustries.com\/#website"},"datePublished":"2022-07-26T04:28:46+00:00","dateModified":"2025-09-12T11:41:25+00:00","description":"C\u00f4ng ty Cung \u1ee9ng v\u00e0 Gia c\u00f4ng ph\u00f4i th\u00e9p c\u00f3 c\u00f4ng su\u1ea5t 255.000 t\u1ea5n th\u00e9p\/n\u0103m, c\u00f3 ch\u1ee9c n\u0103ng s\u1ea3n xu\u1ea5t v\u00e0 gia c\u00f4ng c\u00e1c s\u1ea3n ph\u1ea9m v\u1eadt t\u01b0 th\u00e9p,...","breadcrumb":{"@id":"https:\/\/thacoindustries.com\/en\/affiliates\/specialized-equipment-company\/#breadcrumb"},"inLanguage":"en","potentialAction":[{"@type":"ReadAction","target":["https:\/\/thacoindustries.com\/en\/affiliates\/specialized-equipment-company\/"]}]},{"@type":"BreadcrumbList","@id":"https:\/\/thacoindustries.com\/en\/affiliates\/specialized-equipment-company\/#breadcrumb","itemListElement":[{"@type":"ListItem","position":1,"name":"Home","item":"https:\/\/thacoindustries.com\/en\/"},{"@type":"ListItem","position":2,"name":"Affiliates","item":"https:\/\/thacoindustries.com\/en\/affiliates\/"},{"@type":"ListItem","position":3,"name":"Specialized Equipment Company"}]},{"@type":"WebSite","@id":"https:\/\/thacoindustries.com\/#website","url":"https:\/\/thacoindustries.com\/","name":"THACO INDUSTRIES","description":"","publisher":{"@id":"https:\/\/thacoindustries.com\/#organization"},"potentialAction":[{"@type":"SearchAction","target":{"@type":"EntryPoint","urlTemplate":"https:\/\/thacoindustries.com\/?s={search_term_string}"},"query-input":{"@type":"PropertyValueSpecification","valueRequired":true,"valueName":"search_term_string"}}],"inLanguage":"en"},{"@type":"Organization","@id":"https:\/\/thacoindustries.com\/#organization","name":"THACO INDUSTRIES","url":"https:\/\/thacoindustries.com\/","logo":{"@type":"ImageObject","inLanguage":"en","@id":"https:\/\/thacoindustries.com\/#\/schema\/logo\/image\/","url":"https:\/\/thacoindustries.com\/wp-content\/uploads\/2024\/10\/Untitled-11.png","contentUrl":"https:\/\/thacoindustries.com\/wp-content\/uploads\/2024\/10\/Untitled-11.png","width":512,"height":512,"caption":"THACO INDUSTRIES"},"image":{"@id":"https:\/\/thacoindustries.com\/#\/schema\/logo\/image\/"}}]}},"_links":{"self":[{"href":"https:\/\/thacoindustries.com\/en\/wp-json\/wp\/v2\/pages\/15377","targetHints":{"allow":["GET"]}}],"collection":[{"href":"https:\/\/thacoindustries.com\/en\/wp-json\/wp\/v2\/pages"}],"about":[{"href":"https:\/\/thacoindustries.com\/en\/wp-json\/wp\/v2\/types\/page"}],"author":[{"embeddable":true,"href":"https:\/\/thacoindustries.com\/en\/wp-json\/wp\/v2\/users\/1"}],"replies":[{"embeddable":true,"href":"https:\/\/thacoindustries.com\/en\/wp-json\/wp\/v2\/comments?post=15377"}],"version-history":[{"count":5,"href":"https:\/\/thacoindustries.com\/en\/wp-json\/wp\/v2\/pages\/15377\/revisions"}],"predecessor-version":[{"id":15465,"href":"https:\/\/thacoindustries.com\/en\/wp-json\/wp\/v2\/pages\/15377\/revisions\/15465"}],"up":[{"embeddable":true,"href":"https:\/\/thacoindustries.com\/en\/wp-json\/wp\/v2\/pages\/1261"}],"wp:attachment":[{"href":"https:\/\/thacoindustries.com\/en\/wp-json\/wp\/v2\/media?parent=15377"}],"curies":[{"name":"wp","href":"https:\/\/api.w.org\/{rel}","templated":true}]}}