{"id":1261,"date":"2022-07-26T04:06:37","date_gmt":"2022-07-26T04:06:37","guid":{"rendered":"https:\/\/demo1.thuythu.vn\/thaco\/thanh-vien\/"},"modified":"2025-09-12T19:36:26","modified_gmt":"2025-09-12T12:36:26","slug":"affiliates","status":"publish","type":"page","link":"https:\/\/thacoindustries.com\/en\/affiliates\/","title":{"rendered":"Affiliates"},"content":{"rendered":"","protected":false},"excerpt":{"rendered":"","protected":false},"author":1,"featured_media":0,"parent":0,"menu_order":63,"comment_status":"closed","ping_status":"closed","template":"","meta":{"om_disable_all_campaigns":false,"_monsterinsights_skip_tracking":false,"_monsterinsights_sitenote_active":false,"_monsterinsights_sitenote_note":"","_monsterinsights_sitenote_category":0,"footnotes":""},"class_list":["post-1261","page","type-page","status-publish"],"acf":[],"yoast_head":"<!-- This site is optimized with the Yoast SEO plugin v25.4 - https:\/\/yoast.com\/wordpress\/plugins\/seo\/ -->\n<title>Affiliates Network \u2013 Comprehensive Solutions for Partners<\/title>\n<meta name=\"description\" content=\"Hi\u1ec7n t\u1ea1i, THACO INDUSTRIES c\u00f3 17 c\u00f4ng ty th\u00e0nh vi\u00ean chuy\u00ean s\u1ea3n xu\u1ea5t v\u00e0 cung c\u1ea5p c\u00e1c s\u1ea3n ph\u1ea9m, ph\u1ee5c v\u1ee5 theo y\u00eau c\u1ea7u c\u1ee7a kh\u00e1ch h\u00e0ng...\" \/>\n<meta name=\"robots\" content=\"index, follow, max-snippet:-1, max-image-preview:large, max-video-preview:-1\" \/>\n<link rel=\"canonical\" href=\"https:\/\/thacoindustries.com\/en\/affiliates\/\" \/>\n<meta property=\"og:locale\" content=\"en_US\" \/>\n<meta property=\"og:type\" content=\"article\" \/>\n<meta property=\"og:title\" content=\"Affiliates Network \u2013 Comprehensive Solutions for Partners\" \/>\n<meta property=\"og:description\" content=\"Hi\u1ec7n t\u1ea1i, THACO INDUSTRIES c\u00f3 17 c\u00f4ng ty th\u00e0nh vi\u00ean chuy\u00ean s\u1ea3n xu\u1ea5t v\u00e0 cung c\u1ea5p c\u00e1c s\u1ea3n ph\u1ea9m, ph\u1ee5c v\u1ee5 theo y\u00eau c\u1ea7u c\u1ee7a kh\u00e1ch h\u00e0ng...\" \/>\n<meta property=\"og:url\" content=\"https:\/\/thacoindustries.com\/en\/affiliates\/\" \/>\n<meta property=\"og:site_name\" content=\"THACO INDUSTRIES\" \/>\n<meta property=\"article:modified_time\" content=\"2025-09-12T12:36:26+00:00\" \/>\n<meta name=\"twitter:card\" content=\"summary_large_image\" \/>\n<script type=\"application\/ld+json\" class=\"yoast-schema-graph\">{\"@context\":\"https:\/\/schema.org\",\"@graph\":[{\"@type\":\"WebPage\",\"@id\":\"https:\/\/thacoindustries.com\/en\/affiliates\/\",\"url\":\"https:\/\/thacoindustries.com\/en\/affiliates\/\",\"name\":\"Affiliates Network \u2013 Comprehensive Solutions for Partners\",\"isPartOf\":{\"@id\":\"https:\/\/thacoindustries.com\/#website\"},\"datePublished\":\"2022-07-26T04:06:37+00:00\",\"dateModified\":\"2025-09-12T12:36:26+00:00\",\"description\":\"Hi\u1ec7n t\u1ea1i, THACO INDUSTRIES c\u00f3 17 c\u00f4ng ty th\u00e0nh vi\u00ean chuy\u00ean s\u1ea3n xu\u1ea5t v\u00e0 cung c\u1ea5p c\u00e1c s\u1ea3n ph\u1ea9m, ph\u1ee5c v\u1ee5 theo y\u00eau c\u1ea7u c\u1ee7a kh\u00e1ch h\u00e0ng...\",\"breadcrumb\":{\"@id\":\"https:\/\/thacoindustries.com\/en\/affiliates\/#breadcrumb\"},\"inLanguage\":\"en\",\"potentialAction\":[{\"@type\":\"ReadAction\",\"target\":[\"https:\/\/thacoindustries.com\/en\/affiliates\/\"]}]},{\"@type\":\"BreadcrumbList\",\"@id\":\"https:\/\/thacoindustries.com\/en\/affiliates\/#breadcrumb\",\"itemListElement\":[{\"@type\":\"ListItem\",\"position\":1,\"name\":\"Home\",\"item\":\"https:\/\/thacoindustries.com\/en\/\"},{\"@type\":\"ListItem\",\"position\":2,\"name\":\"Affiliates\"}]},{\"@type\":\"WebSite\",\"@id\":\"https:\/\/thacoindustries.com\/#website\",\"url\":\"https:\/\/thacoindustries.com\/\",\"name\":\"THACO INDUSTRIES\",\"description\":\"\",\"publisher\":{\"@id\":\"https:\/\/thacoindustries.com\/#organization\"},\"potentialAction\":[{\"@type\":\"SearchAction\",\"target\":{\"@type\":\"EntryPoint\",\"urlTemplate\":\"https:\/\/thacoindustries.com\/?s={search_term_string}\"},\"query-input\":{\"@type\":\"PropertyValueSpecification\",\"valueRequired\":true,\"valueName\":\"search_term_string\"}}],\"inLanguage\":\"en\"},{\"@type\":\"Organization\",\"@id\":\"https:\/\/thacoindustries.com\/#organization\",\"name\":\"THACO INDUSTRIES\",\"url\":\"https:\/\/thacoindustries.com\/\",\"logo\":{\"@type\":\"ImageObject\",\"inLanguage\":\"en\",\"@id\":\"https:\/\/thacoindustries.com\/#\/schema\/logo\/image\/\",\"url\":\"https:\/\/thacoindustries.com\/wp-content\/uploads\/2024\/10\/Untitled-11.png\",\"contentUrl\":\"https:\/\/thacoindustries.com\/wp-content\/uploads\/2024\/10\/Untitled-11.png\",\"width\":512,\"height\":512,\"caption\":\"THACO INDUSTRIES\"},\"image\":{\"@id\":\"https:\/\/thacoindustries.com\/#\/schema\/logo\/image\/\"}}]}<\/script>\n<!-- \/ Yoast SEO plugin. -->","yoast_head_json":{"title":"Affiliates Network \u2013 Comprehensive Solutions for Partners","description":"Hi\u1ec7n t\u1ea1i, THACO INDUSTRIES c\u00f3 17 c\u00f4ng ty th\u00e0nh vi\u00ean chuy\u00ean s\u1ea3n xu\u1ea5t v\u00e0 cung c\u1ea5p c\u00e1c s\u1ea3n ph\u1ea9m, ph\u1ee5c v\u1ee5 theo y\u00eau c\u1ea7u c\u1ee7a kh\u00e1ch h\u00e0ng...","robots":{"index":"index","follow":"follow","max-snippet":"max-snippet:-1","max-image-preview":"max-image-preview:large","max-video-preview":"max-video-preview:-1"},"canonical":"https:\/\/thacoindustries.com\/en\/affiliates\/","og_locale":"en_US","og_type":"article","og_title":"Affiliates Network \u2013 Comprehensive Solutions for Partners","og_description":"Hi\u1ec7n t\u1ea1i, THACO INDUSTRIES c\u00f3 17 c\u00f4ng ty th\u00e0nh vi\u00ean chuy\u00ean s\u1ea3n xu\u1ea5t v\u00e0 cung c\u1ea5p c\u00e1c s\u1ea3n ph\u1ea9m, ph\u1ee5c v\u1ee5 theo y\u00eau c\u1ea7u c\u1ee7a kh\u00e1ch h\u00e0ng...","og_url":"https:\/\/thacoindustries.com\/en\/affiliates\/","og_site_name":"THACO INDUSTRIES","article_modified_time":"2025-09-12T12:36:26+00:00","twitter_card":"summary_large_image","schema":{"@context":"https:\/\/schema.org","@graph":[{"@type":"WebPage","@id":"https:\/\/thacoindustries.com\/en\/affiliates\/","url":"https:\/\/thacoindustries.com\/en\/affiliates\/","name":"Affiliates Network \u2013 Comprehensive Solutions for Partners","isPartOf":{"@id":"https:\/\/thacoindustries.com\/#website"},"datePublished":"2022-07-26T04:06:37+00:00","dateModified":"2025-09-12T12:36:26+00:00","description":"Hi\u1ec7n t\u1ea1i, THACO INDUSTRIES c\u00f3 17 c\u00f4ng ty th\u00e0nh vi\u00ean chuy\u00ean s\u1ea3n xu\u1ea5t v\u00e0 cung c\u1ea5p c\u00e1c s\u1ea3n ph\u1ea9m, ph\u1ee5c v\u1ee5 theo y\u00eau c\u1ea7u c\u1ee7a kh\u00e1ch h\u00e0ng...","breadcrumb":{"@id":"https:\/\/thacoindustries.com\/en\/affiliates\/#breadcrumb"},"inLanguage":"en","potentialAction":[{"@type":"ReadAction","target":["https:\/\/thacoindustries.com\/en\/affiliates\/"]}]},{"@type":"BreadcrumbList","@id":"https:\/\/thacoindustries.com\/en\/affiliates\/#breadcrumb","itemListElement":[{"@type":"ListItem","position":1,"name":"Home","item":"https:\/\/thacoindustries.com\/en\/"},{"@type":"ListItem","position":2,"name":"Affiliates"}]},{"@type":"WebSite","@id":"https:\/\/thacoindustries.com\/#website","url":"https:\/\/thacoindustries.com\/","name":"THACO INDUSTRIES","description":"","publisher":{"@id":"https:\/\/thacoindustries.com\/#organization"},"potentialAction":[{"@type":"SearchAction","target":{"@type":"EntryPoint","urlTemplate":"https:\/\/thacoindustries.com\/?s={search_term_string}"},"query-input":{"@type":"PropertyValueSpecification","valueRequired":true,"valueName":"search_term_string"}}],"inLanguage":"en"},{"@type":"Organization","@id":"https:\/\/thacoindustries.com\/#organization","name":"THACO INDUSTRIES","url":"https:\/\/thacoindustries.com\/","logo":{"@type":"ImageObject","inLanguage":"en","@id":"https:\/\/thacoindustries.com\/#\/schema\/logo\/image\/","url":"https:\/\/thacoindustries.com\/wp-content\/uploads\/2024\/10\/Untitled-11.png","contentUrl":"https:\/\/thacoindustries.com\/wp-content\/uploads\/2024\/10\/Untitled-11.png","width":512,"height":512,"caption":"THACO INDUSTRIES"},"image":{"@id":"https:\/\/thacoindustries.com\/#\/schema\/logo\/image\/"}}]}},"_links":{"self":[{"href":"https:\/\/thacoindustries.com\/en\/wp-json\/wp\/v2\/pages\/1261","targetHints":{"allow":["GET"]}}],"collection":[{"href":"https:\/\/thacoindustries.com\/en\/wp-json\/wp\/v2\/pages"}],"about":[{"href":"https:\/\/thacoindustries.com\/en\/wp-json\/wp\/v2\/types\/page"}],"author":[{"embeddable":true,"href":"https:\/\/thacoindustries.com\/en\/wp-json\/wp\/v2\/users\/1"}],"replies":[{"embeddable":true,"href":"https:\/\/thacoindustries.com\/en\/wp-json\/wp\/v2\/comments?post=1261"}],"version-history":[{"count":11,"href":"https:\/\/thacoindustries.com\/en\/wp-json\/wp\/v2\/pages\/1261\/revisions"}],"predecessor-version":[{"id":28566,"href":"https:\/\/thacoindustries.com\/en\/wp-json\/wp\/v2\/pages\/1261\/revisions\/28566"}],"wp:attachment":[{"href":"https:\/\/thacoindustries.com\/en\/wp-json\/wp\/v2\/media?parent=1261"}],"curies":[{"name":"wp","href":"https:\/\/api.w.org\/{rel}","templated":true}]}}