{"id":1238,"date":"2025-12-31T04:29:09","date_gmt":"2025-12-30T21:29:09","guid":{"rendered":"https:\/\/demo1.thuythu.vn\/thaco\/phu-tung-dien\/"},"modified":"2026-01-05T15:59:22","modified_gmt":"2026-01-05T08:59:22","slug":"automotive-electrical-equipment-company","status":"publish","type":"page","link":"https:\/\/thacoindustries.com\/en\/affiliates\/automotive-electrical-equipment-company\/","title":{"rendered":"Automotive Electrical Equipment Company"},"content":{"rendered":"","protected":false},"excerpt":{"rendered":"","protected":false},"author":1,"featured_media":19776,"parent":1261,"menu_order":39,"comment_status":"closed","ping_status":"closed","template":"templates\/member.php","meta":{"om_disable_all_campaigns":false,"_monsterinsights_skip_tracking":false,"_monsterinsights_sitenote_active":false,"_monsterinsights_sitenote_note":"","_monsterinsights_sitenote_category":0,"footnotes":""},"class_list":["post-1238","page","type-page","status-publish","has-post-thumbnail"],"acf":[],"yoast_head":"<!-- This site is optimized with the Yoast SEO plugin v25.4 - https:\/\/yoast.com\/wordpress\/plugins\/seo\/ -->\n<title>Automotive Electrical Equipment Manufacturer | THACO INDUSTRIES<\/title>\n<meta name=\"description\" content=\"Under THACO INDUSTRIES, Automotive Electrical Equipment Company manufactures high-quality automotive wire harnesses, exporting to the US market with OEM-grade quality, scalability, and supply-chain reliability.\" \/>\n<meta name=\"robots\" content=\"index, follow, max-snippet:-1, max-image-preview:large, max-video-preview:-1\" \/>\n<link rel=\"canonical\" href=\"https:\/\/thacoindustries.com\/en\/affiliates\/automotive-electrical-equipment-company\/\" \/>\n<meta property=\"og:locale\" content=\"en_US\" \/>\n<meta property=\"og:type\" content=\"article\" \/>\n<meta property=\"og:title\" content=\"Automotive Electrical Equipment Manufacturer | THACO INDUSTRIES\" \/>\n<meta property=\"og:description\" content=\"Under THACO INDUSTRIES, Automotive Electrical Equipment Company manufactures high-quality automotive wire harnesses, exporting to the US market with OEM-grade quality, scalability, and supply-chain reliability.\" \/>\n<meta property=\"og:url\" content=\"https:\/\/thacoindustries.com\/en\/affiliates\/automotive-electrical-equipment-company\/\" \/>\n<meta property=\"og:site_name\" content=\"THACO INDUSTRIES\" \/>\n<meta property=\"article:modified_time\" content=\"2026-01-05T08:59:22+00:00\" \/>\n<meta property=\"og:image\" content=\"https:\/\/thacoindustries.com\/wp-content\/uploads\/2025\/04\/3.-Day-chuyen-lap-rap-day-dien-KIA-1.jpg\" \/>\n\t<meta property=\"og:image:width\" content=\"1076\" \/>\n\t<meta property=\"og:image:height\" content=\"600\" \/>\n\t<meta property=\"og:image:type\" content=\"image\/jpeg\" \/>\n<meta name=\"twitter:card\" content=\"summary_large_image\" \/>\n<meta name=\"twitter:label1\" content=\"Est. reading time\" \/>\n\t<meta name=\"twitter:data1\" content=\"1 minute\" \/>\n<script type=\"application\/ld+json\" class=\"yoast-schema-graph\">{\"@context\":\"https:\/\/schema.org\",\"@graph\":[{\"@type\":\"WebPage\",\"@id\":\"https:\/\/thacoindustries.com\/en\/affiliates\/automotive-electrical-equipment-company\/\",\"url\":\"https:\/\/thacoindustries.com\/en\/affiliates\/automotive-electrical-equipment-company\/\",\"name\":\"Automotive Electrical Equipment Manufacturer | THACO INDUSTRIES\",\"isPartOf\":{\"@id\":\"https:\/\/thacoindustries.com\/#website\"},\"primaryImageOfPage\":{\"@id\":\"https:\/\/thacoindustries.com\/en\/affiliates\/automotive-electrical-equipment-company\/#primaryimage\"},\"image\":{\"@id\":\"https:\/\/thacoindustries.com\/en\/affiliates\/automotive-electrical-equipment-company\/#primaryimage\"},\"thumbnailUrl\":\"https:\/\/thacoindustries.com\/wp-content\/uploads\/2025\/04\/3.-Day-chuyen-lap-rap-day-dien-KIA-1.jpg\",\"datePublished\":\"2025-12-30T21:29:09+00:00\",\"dateModified\":\"2026-01-05T08:59:22+00:00\",\"description\":\"Under THACO INDUSTRIES, Automotive Electrical Equipment Company manufactures high-quality automotive wire harnesses, exporting to the US market with OEM-grade quality, scalability, and supply-chain reliability.\",\"breadcrumb\":{\"@id\":\"https:\/\/thacoindustries.com\/en\/affiliates\/automotive-electrical-equipment-company\/#breadcrumb\"},\"inLanguage\":\"en\",\"potentialAction\":[{\"@type\":\"ReadAction\",\"target\":[\"https:\/\/thacoindustries.com\/en\/affiliates\/automotive-electrical-equipment-company\/\"]}]},{\"@type\":\"ImageObject\",\"inLanguage\":\"en\",\"@id\":\"https:\/\/thacoindustries.com\/en\/affiliates\/automotive-electrical-equipment-company\/#primaryimage\",\"url\":\"https:\/\/thacoindustries.com\/wp-content\/uploads\/2025\/04\/3.-Day-chuyen-lap-rap-day-dien-KIA-1.jpg\",\"contentUrl\":\"https:\/\/thacoindustries.com\/wp-content\/uploads\/2025\/04\/3.-Day-chuyen-lap-rap-day-dien-KIA-1.jpg\",\"width\":1076,\"height\":600,\"caption\":\"d\u00e2y chuy\u1ec1n l\u1eafp r\u00e1p d\u00e2y \u0111i\u1ec7n\"},{\"@type\":\"BreadcrumbList\",\"@id\":\"https:\/\/thacoindustries.com\/en\/affiliates\/automotive-electrical-equipment-company\/#breadcrumb\",\"itemListElement\":[{\"@type\":\"ListItem\",\"position\":1,\"name\":\"Home\",\"item\":\"https:\/\/thacoindustries.com\/en\/\"},{\"@type\":\"ListItem\",\"position\":2,\"name\":\"Affiliates\",\"item\":\"https:\/\/thacoindustries.com\/en\/affiliates\/\"},{\"@type\":\"ListItem\",\"position\":3,\"name\":\"Automotive Electrical Equipment Company\"}]},{\"@type\":\"WebSite\",\"@id\":\"https:\/\/thacoindustries.com\/#website\",\"url\":\"https:\/\/thacoindustries.com\/\",\"name\":\"THACO INDUSTRIES\",\"description\":\"\",\"publisher\":{\"@id\":\"https:\/\/thacoindustries.com\/#organization\"},\"potentialAction\":[{\"@type\":\"SearchAction\",\"target\":{\"@type\":\"EntryPoint\",\"urlTemplate\":\"https:\/\/thacoindustries.com\/?s={search_term_string}\"},\"query-input\":{\"@type\":\"PropertyValueSpecification\",\"valueRequired\":true,\"valueName\":\"search_term_string\"}}],\"inLanguage\":\"en\"},{\"@type\":\"Organization\",\"@id\":\"https:\/\/thacoindustries.com\/#organization\",\"name\":\"THACO INDUSTRIES\",\"url\":\"https:\/\/thacoindustries.com\/\",\"logo\":{\"@type\":\"ImageObject\",\"inLanguage\":\"en\",\"@id\":\"https:\/\/thacoindustries.com\/#\/schema\/logo\/image\/\",\"url\":\"https:\/\/thacoindustries.com\/wp-content\/uploads\/2024\/10\/Untitled-11.png\",\"contentUrl\":\"https:\/\/thacoindustries.com\/wp-content\/uploads\/2024\/10\/Untitled-11.png\",\"width\":512,\"height\":512,\"caption\":\"THACO INDUSTRIES\"},\"image\":{\"@id\":\"https:\/\/thacoindustries.com\/#\/schema\/logo\/image\/\"}}]}<\/script>\n<!-- \/ Yoast SEO plugin. -->","yoast_head_json":{"title":"Automotive Electrical Equipment Manufacturer | THACO INDUSTRIES","description":"Under THACO INDUSTRIES, Automotive Electrical Equipment Company manufactures high-quality automotive wire harnesses, exporting to the US market with OEM-grade quality, scalability, and supply-chain reliability.","robots":{"index":"index","follow":"follow","max-snippet":"max-snippet:-1","max-image-preview":"max-image-preview:large","max-video-preview":"max-video-preview:-1"},"canonical":"https:\/\/thacoindustries.com\/en\/affiliates\/automotive-electrical-equipment-company\/","og_locale":"en_US","og_type":"article","og_title":"Automotive Electrical Equipment Manufacturer | THACO INDUSTRIES","og_description":"Under THACO INDUSTRIES, Automotive Electrical Equipment Company manufactures high-quality automotive wire harnesses, exporting to the US market with OEM-grade quality, scalability, and supply-chain reliability.","og_url":"https:\/\/thacoindustries.com\/en\/affiliates\/automotive-electrical-equipment-company\/","og_site_name":"THACO INDUSTRIES","article_modified_time":"2026-01-05T08:59:22+00:00","og_image":[{"width":1076,"height":600,"url":"https:\/\/thacoindustries.com\/wp-content\/uploads\/2025\/04\/3.-Day-chuyen-lap-rap-day-dien-KIA-1.jpg","type":"image\/jpeg"}],"twitter_card":"summary_large_image","twitter_misc":{"Est. reading time":"1 minute"},"schema":{"@context":"https:\/\/schema.org","@graph":[{"@type":"WebPage","@id":"https:\/\/thacoindustries.com\/en\/affiliates\/automotive-electrical-equipment-company\/","url":"https:\/\/thacoindustries.com\/en\/affiliates\/automotive-electrical-equipment-company\/","name":"Automotive Electrical Equipment Manufacturer | THACO INDUSTRIES","isPartOf":{"@id":"https:\/\/thacoindustries.com\/#website"},"primaryImageOfPage":{"@id":"https:\/\/thacoindustries.com\/en\/affiliates\/automotive-electrical-equipment-company\/#primaryimage"},"image":{"@id":"https:\/\/thacoindustries.com\/en\/affiliates\/automotive-electrical-equipment-company\/#primaryimage"},"thumbnailUrl":"https:\/\/thacoindustries.com\/wp-content\/uploads\/2025\/04\/3.-Day-chuyen-lap-rap-day-dien-KIA-1.jpg","datePublished":"2025-12-30T21:29:09+00:00","dateModified":"2026-01-05T08:59:22+00:00","description":"Under THACO INDUSTRIES, Automotive Electrical Equipment Company manufactures high-quality automotive wire harnesses, exporting to the US market with OEM-grade quality, scalability, and supply-chain reliability.","breadcrumb":{"@id":"https:\/\/thacoindustries.com\/en\/affiliates\/automotive-electrical-equipment-company\/#breadcrumb"},"inLanguage":"en","potentialAction":[{"@type":"ReadAction","target":["https:\/\/thacoindustries.com\/en\/affiliates\/automotive-electrical-equipment-company\/"]}]},{"@type":"ImageObject","inLanguage":"en","@id":"https:\/\/thacoindustries.com\/en\/affiliates\/automotive-electrical-equipment-company\/#primaryimage","url":"https:\/\/thacoindustries.com\/wp-content\/uploads\/2025\/04\/3.-Day-chuyen-lap-rap-day-dien-KIA-1.jpg","contentUrl":"https:\/\/thacoindustries.com\/wp-content\/uploads\/2025\/04\/3.-Day-chuyen-lap-rap-day-dien-KIA-1.jpg","width":1076,"height":600,"caption":"d\u00e2y chuy\u1ec1n l\u1eafp r\u00e1p d\u00e2y \u0111i\u1ec7n"},{"@type":"BreadcrumbList","@id":"https:\/\/thacoindustries.com\/en\/affiliates\/automotive-electrical-equipment-company\/#breadcrumb","itemListElement":[{"@type":"ListItem","position":1,"name":"Home","item":"https:\/\/thacoindustries.com\/en\/"},{"@type":"ListItem","position":2,"name":"Affiliates","item":"https:\/\/thacoindustries.com\/en\/affiliates\/"},{"@type":"ListItem","position":3,"name":"Automotive Electrical Equipment Company"}]},{"@type":"WebSite","@id":"https:\/\/thacoindustries.com\/#website","url":"https:\/\/thacoindustries.com\/","name":"THACO INDUSTRIES","description":"","publisher":{"@id":"https:\/\/thacoindustries.com\/#organization"},"potentialAction":[{"@type":"SearchAction","target":{"@type":"EntryPoint","urlTemplate":"https:\/\/thacoindustries.com\/?s={search_term_string}"},"query-input":{"@type":"PropertyValueSpecification","valueRequired":true,"valueName":"search_term_string"}}],"inLanguage":"en"},{"@type":"Organization","@id":"https:\/\/thacoindustries.com\/#organization","name":"THACO INDUSTRIES","url":"https:\/\/thacoindustries.com\/","logo":{"@type":"ImageObject","inLanguage":"en","@id":"https:\/\/thacoindustries.com\/#\/schema\/logo\/image\/","url":"https:\/\/thacoindustries.com\/wp-content\/uploads\/2024\/10\/Untitled-11.png","contentUrl":"https:\/\/thacoindustries.com\/wp-content\/uploads\/2024\/10\/Untitled-11.png","width":512,"height":512,"caption":"THACO INDUSTRIES"},"image":{"@id":"https:\/\/thacoindustries.com\/#\/schema\/logo\/image\/"}}]}},"_links":{"self":[{"href":"https:\/\/thacoindustries.com\/en\/wp-json\/wp\/v2\/pages\/1238","targetHints":{"allow":["GET"]}}],"collection":[{"href":"https:\/\/thacoindustries.com\/en\/wp-json\/wp\/v2\/pages"}],"about":[{"href":"https:\/\/thacoindustries.com\/en\/wp-json\/wp\/v2\/types\/page"}],"author":[{"embeddable":true,"href":"https:\/\/thacoindustries.com\/en\/wp-json\/wp\/v2\/users\/1"}],"replies":[{"embeddable":true,"href":"https:\/\/thacoindustries.com\/en\/wp-json\/wp\/v2\/comments?post=1238"}],"version-history":[{"count":17,"href":"https:\/\/thacoindustries.com\/en\/wp-json\/wp\/v2\/pages\/1238\/revisions"}],"predecessor-version":[{"id":30792,"href":"https:\/\/thacoindustries.com\/en\/wp-json\/wp\/v2\/pages\/1238\/revisions\/30792"}],"up":[{"embeddable":true,"href":"https:\/\/thacoindustries.com\/en\/wp-json\/wp\/v2\/pages\/1261"}],"wp:featuredmedia":[{"embeddable":true,"href":"https:\/\/thacoindustries.com\/en\/wp-json\/wp\/v2\/media\/19776"}],"wp:attachment":[{"href":"https:\/\/thacoindustries.com\/en\/wp-json\/wp\/v2\/media?parent=1238"}],"curies":[{"name":"wp","href":"https:\/\/api.w.org\/{rel}","templated":true}]}}