{"id":10720,"date":"2022-07-11T00:28:24","date_gmt":"2022-07-11T00:28:24","guid":{"rendered":"https:\/\/thacoindustries.com\/gioi-thieu\/"},"modified":"2026-02-07T15:01:12","modified_gmt":"2026-02-07T08:01:12","slug":"about-us","status":"publish","type":"page","link":"https:\/\/thacoindustries.com\/en\/about-us\/","title":{"rendered":"About us"},"content":{"rendered":"","protected":false},"excerpt":{"rendered":"","protected":false},"author":1,"featured_media":0,"parent":0,"menu_order":99,"comment_status":"closed","ping_status":"closed","template":"templates\/about.php","meta":{"om_disable_all_campaigns":false,"_monsterinsights_skip_tracking":false,"_monsterinsights_sitenote_active":false,"_monsterinsights_sitenote_note":"","_monsterinsights_sitenote_category":0,"footnotes":""},"class_list":["post-10720","page","type-page","status-publish"],"acf":[],"yoast_head":"<!-- This site is optimized with the Yoast SEO plugin v25.4 - https:\/\/yoast.com\/wordpress\/plugins\/seo\/ -->\n<title>About Us \u2013 Discover More About THACO INDUSTRIES<\/title>\n<meta name=\"description\" content=\"Gi\u1edbi thi\u1ec7u t\u1ed5ng quan v\u1ec1 c\u00e1c l\u0129nh v\u1ef1c ho\u1ea1t \u0111\u1ed9ng, t\u1ea7m nh\u00ecn v\u00e0 s\u1ee9 m\u1ec7nh, c\u00e1c c\u00f4ng ty th\u00e0nh vi\u00ean, th\u1ecb tr\u01b0\u1eddng c\u1ee7a t\u1eadp \u0111o\u00e0n THACO INDUSTRIES...\" \/>\n<meta name=\"robots\" content=\"index, follow, max-snippet:-1, max-image-preview:large, max-video-preview:-1\" \/>\n<link rel=\"canonical\" href=\"https:\/\/thacoindustries.com\/en\/about-us\/\" \/>\n<meta property=\"og:locale\" content=\"en_US\" \/>\n<meta property=\"og:type\" content=\"article\" \/>\n<meta property=\"og:title\" content=\"About Us \u2013 Discover More About THACO INDUSTRIES\" \/>\n<meta property=\"og:description\" content=\"Gi\u1edbi thi\u1ec7u t\u1ed5ng quan v\u1ec1 c\u00e1c l\u0129nh v\u1ef1c ho\u1ea1t \u0111\u1ed9ng, t\u1ea7m nh\u00ecn v\u00e0 s\u1ee9 m\u1ec7nh, c\u00e1c c\u00f4ng ty th\u00e0nh vi\u00ean, th\u1ecb tr\u01b0\u1eddng c\u1ee7a t\u1eadp \u0111o\u00e0n THACO INDUSTRIES...\" \/>\n<meta property=\"og:url\" content=\"https:\/\/thacoindustries.com\/en\/about-us\/\" \/>\n<meta property=\"og:site_name\" content=\"THACO INDUSTRIES\" \/>\n<meta property=\"article:modified_time\" content=\"2026-02-07T08:01:12+00:00\" \/>\n<meta name=\"twitter:card\" content=\"summary_large_image\" \/>\n<script type=\"application\/ld+json\" class=\"yoast-schema-graph\">{\"@context\":\"https:\/\/schema.org\",\"@graph\":[{\"@type\":\"WebPage\",\"@id\":\"https:\/\/thacoindustries.com\/en\/about-us\/\",\"url\":\"https:\/\/thacoindustries.com\/en\/about-us\/\",\"name\":\"About Us \u2013 Discover More About THACO INDUSTRIES\",\"isPartOf\":{\"@id\":\"https:\/\/thacoindustries.com\/#website\"},\"datePublished\":\"2022-07-11T00:28:24+00:00\",\"dateModified\":\"2026-02-07T08:01:12+00:00\",\"description\":\"Gi\u1edbi thi\u1ec7u t\u1ed5ng quan v\u1ec1 c\u00e1c l\u0129nh v\u1ef1c ho\u1ea1t \u0111\u1ed9ng, t\u1ea7m nh\u00ecn v\u00e0 s\u1ee9 m\u1ec7nh, c\u00e1c c\u00f4ng ty th\u00e0nh vi\u00ean, th\u1ecb tr\u01b0\u1eddng c\u1ee7a t\u1eadp \u0111o\u00e0n THACO INDUSTRIES...\",\"breadcrumb\":{\"@id\":\"https:\/\/thacoindustries.com\/en\/about-us\/#breadcrumb\"},\"inLanguage\":\"en\",\"potentialAction\":[{\"@type\":\"ReadAction\",\"target\":[\"https:\/\/thacoindustries.com\/en\/about-us\/\"]}]},{\"@type\":\"BreadcrumbList\",\"@id\":\"https:\/\/thacoindustries.com\/en\/about-us\/#breadcrumb\",\"itemListElement\":[{\"@type\":\"ListItem\",\"position\":1,\"name\":\"Home\",\"item\":\"https:\/\/thacoindustries.com\/en\/\"},{\"@type\":\"ListItem\",\"position\":2,\"name\":\"About us\"}]},{\"@type\":\"WebSite\",\"@id\":\"https:\/\/thacoindustries.com\/#website\",\"url\":\"https:\/\/thacoindustries.com\/\",\"name\":\"THACO INDUSTRIES\",\"description\":\"\",\"publisher\":{\"@id\":\"https:\/\/thacoindustries.com\/#organization\"},\"potentialAction\":[{\"@type\":\"SearchAction\",\"target\":{\"@type\":\"EntryPoint\",\"urlTemplate\":\"https:\/\/thacoindustries.com\/?s={search_term_string}\"},\"query-input\":{\"@type\":\"PropertyValueSpecification\",\"valueRequired\":true,\"valueName\":\"search_term_string\"}}],\"inLanguage\":\"en\"},{\"@type\":\"Organization\",\"@id\":\"https:\/\/thacoindustries.com\/#organization\",\"name\":\"THACO INDUSTRIES\",\"url\":\"https:\/\/thacoindustries.com\/\",\"logo\":{\"@type\":\"ImageObject\",\"inLanguage\":\"en\",\"@id\":\"https:\/\/thacoindustries.com\/#\/schema\/logo\/image\/\",\"url\":\"https:\/\/thacoindustries.com\/wp-content\/uploads\/2024\/10\/Untitled-11.png\",\"contentUrl\":\"https:\/\/thacoindustries.com\/wp-content\/uploads\/2024\/10\/Untitled-11.png\",\"width\":512,\"height\":512,\"caption\":\"THACO INDUSTRIES\"},\"image\":{\"@id\":\"https:\/\/thacoindustries.com\/#\/schema\/logo\/image\/\"}}]}<\/script>\n<!-- \/ Yoast SEO plugin. -->","yoast_head_json":{"title":"About Us \u2013 Discover More About THACO INDUSTRIES","description":"Gi\u1edbi thi\u1ec7u t\u1ed5ng quan v\u1ec1 c\u00e1c l\u0129nh v\u1ef1c ho\u1ea1t \u0111\u1ed9ng, t\u1ea7m nh\u00ecn v\u00e0 s\u1ee9 m\u1ec7nh, c\u00e1c c\u00f4ng ty th\u00e0nh vi\u00ean, th\u1ecb tr\u01b0\u1eddng c\u1ee7a t\u1eadp \u0111o\u00e0n THACO INDUSTRIES...","robots":{"index":"index","follow":"follow","max-snippet":"max-snippet:-1","max-image-preview":"max-image-preview:large","max-video-preview":"max-video-preview:-1"},"canonical":"https:\/\/thacoindustries.com\/en\/about-us\/","og_locale":"en_US","og_type":"article","og_title":"About Us \u2013 Discover More About THACO INDUSTRIES","og_description":"Gi\u1edbi thi\u1ec7u t\u1ed5ng quan v\u1ec1 c\u00e1c l\u0129nh v\u1ef1c ho\u1ea1t \u0111\u1ed9ng, t\u1ea7m nh\u00ecn v\u00e0 s\u1ee9 m\u1ec7nh, c\u00e1c c\u00f4ng ty th\u00e0nh vi\u00ean, th\u1ecb tr\u01b0\u1eddng c\u1ee7a t\u1eadp \u0111o\u00e0n THACO INDUSTRIES...","og_url":"https:\/\/thacoindustries.com\/en\/about-us\/","og_site_name":"THACO INDUSTRIES","article_modified_time":"2026-02-07T08:01:12+00:00","twitter_card":"summary_large_image","schema":{"@context":"https:\/\/schema.org","@graph":[{"@type":"WebPage","@id":"https:\/\/thacoindustries.com\/en\/about-us\/","url":"https:\/\/thacoindustries.com\/en\/about-us\/","name":"About Us \u2013 Discover More About THACO INDUSTRIES","isPartOf":{"@id":"https:\/\/thacoindustries.com\/#website"},"datePublished":"2022-07-11T00:28:24+00:00","dateModified":"2026-02-07T08:01:12+00:00","description":"Gi\u1edbi thi\u1ec7u t\u1ed5ng quan v\u1ec1 c\u00e1c l\u0129nh v\u1ef1c ho\u1ea1t \u0111\u1ed9ng, t\u1ea7m nh\u00ecn v\u00e0 s\u1ee9 m\u1ec7nh, c\u00e1c c\u00f4ng ty th\u00e0nh vi\u00ean, th\u1ecb tr\u01b0\u1eddng c\u1ee7a t\u1eadp \u0111o\u00e0n THACO INDUSTRIES...","breadcrumb":{"@id":"https:\/\/thacoindustries.com\/en\/about-us\/#breadcrumb"},"inLanguage":"en","potentialAction":[{"@type":"ReadAction","target":["https:\/\/thacoindustries.com\/en\/about-us\/"]}]},{"@type":"BreadcrumbList","@id":"https:\/\/thacoindustries.com\/en\/about-us\/#breadcrumb","itemListElement":[{"@type":"ListItem","position":1,"name":"Home","item":"https:\/\/thacoindustries.com\/en\/"},{"@type":"ListItem","position":2,"name":"About us"}]},{"@type":"WebSite","@id":"https:\/\/thacoindustries.com\/#website","url":"https:\/\/thacoindustries.com\/","name":"THACO INDUSTRIES","description":"","publisher":{"@id":"https:\/\/thacoindustries.com\/#organization"},"potentialAction":[{"@type":"SearchAction","target":{"@type":"EntryPoint","urlTemplate":"https:\/\/thacoindustries.com\/?s={search_term_string}"},"query-input":{"@type":"PropertyValueSpecification","valueRequired":true,"valueName":"search_term_string"}}],"inLanguage":"en"},{"@type":"Organization","@id":"https:\/\/thacoindustries.com\/#organization","name":"THACO INDUSTRIES","url":"https:\/\/thacoindustries.com\/","logo":{"@type":"ImageObject","inLanguage":"en","@id":"https:\/\/thacoindustries.com\/#\/schema\/logo\/image\/","url":"https:\/\/thacoindustries.com\/wp-content\/uploads\/2024\/10\/Untitled-11.png","contentUrl":"https:\/\/thacoindustries.com\/wp-content\/uploads\/2024\/10\/Untitled-11.png","width":512,"height":512,"caption":"THACO INDUSTRIES"},"image":{"@id":"https:\/\/thacoindustries.com\/#\/schema\/logo\/image\/"}}]}},"_links":{"self":[{"href":"https:\/\/thacoindustries.com\/en\/wp-json\/wp\/v2\/pages\/10720","targetHints":{"allow":["GET"]}}],"collection":[{"href":"https:\/\/thacoindustries.com\/en\/wp-json\/wp\/v2\/pages"}],"about":[{"href":"https:\/\/thacoindustries.com\/en\/wp-json\/wp\/v2\/types\/page"}],"author":[{"embeddable":true,"href":"https:\/\/thacoindustries.com\/en\/wp-json\/wp\/v2\/users\/1"}],"replies":[{"embeddable":true,"href":"https:\/\/thacoindustries.com\/en\/wp-json\/wp\/v2\/comments?post=10720"}],"version-history":[{"count":53,"href":"https:\/\/thacoindustries.com\/en\/wp-json\/wp\/v2\/pages\/10720\/revisions"}],"predecessor-version":[{"id":31659,"href":"https:\/\/thacoindustries.com\/en\/wp-json\/wp\/v2\/pages\/10720\/revisions\/31659"}],"wp:attachment":[{"href":"https:\/\/thacoindustries.com\/en\/wp-json\/wp\/v2\/media?parent=10720"}],"curies":[{"name":"wp","href":"https:\/\/api.w.org\/{rel}","templated":true}]}}